{"id":1054,"date":"2017-11-21T11:16:35","date_gmt":"2017-11-21T10:16:35","guid":{"rendered":"http:\/\/www.lebiac.rwth-aachen.de\/?page_id=1054"},"modified":"2019-07-19T08:17:42","modified_gmt":"2019-07-19T06:17:42","slug":"aktivitaeten","status":"publish","type":"page","link":"https:\/\/www.lebiac.rwth-aachen.de\/?page_id=1054","title":{"rendered":"Aktivit\u00e4ten"},"content":{"rendered":"\n<hr class=\"wp-block-separator\"\/>\n\n\n\n<div>\n<p><strong>Projekttreffen<\/strong><\/p>\n<p>Die regelm\u00e4\u00dfigen Treffen der Steuerungsgruppe dienen dem Controlling und der Weiterentwicklung des LeBiAC-Projekts. Die halbj\u00e4hrig stattfindenden Gesamttreffen aller am LeBiAC-Projekt Mitwirkenden bieten einen Informationsaustausch und M\u00f6glichkeiten zur Vernetzung innerhalb des Gesamtprojektes.<\/p>\n<p><a class=\"intern\" href=\"http:\/\/www.lebiac.rwth-aachen.de\/?page_id=899\">Termine<\/a><\/p>\n<\/div>\n\n\n\n<hr class=\"wp-block-separator\"\/>\n\n\n\n<div><strong>RWTH Forschungsmagazin mit Hochschule f\u00fcr Schulen &#8211;&nbsp; die Lehramtsausbildung an der RWTH<\/strong>\n<p>&nbsp;<\/p>\n<p>&#8222;Lehramt im Fokus&#8220; ist das Thema des aktuellen RWTH Forschungsmagazins WS 2017\/18, das die aktuelle Lehramstausbildung an der Hochschule aus verschiedenen Blickwinkeln darstellt.<br>In den vergangengenen Jahren hat sich die Lehramtsausbildung an der RWTH stark ver\u00e4ndert und ist an den aktuellen Anforderugnen an einen zuk\u00fcnftigen Lehrer oder eine zuk\u00fcnftige Lehrerin gewachsen. Dieser Prozess wurde stark durch das LeBiAC Projekt unterst\u00fctzt. Mehr zu der Geschichte und der heutigen Lehramtsausbildung an der RWTH k\u00f6nnen Sie im aktuellen Forschungsmagazin nachlesen.<\/p>\n<p>RWTH <a class=\"extern\" href=\"http:\/\/www.rwth-aachen.de\/global\/show_document.asp?id=aaaaaaaaaazptfb\">Forschungsmagazin<\/a> WS2017\/18<\/p>\n<\/div>\n\n\n\n<hr class=\"wp-block-separator\"\/>\n\n\n\n<div>\n<p><strong>\u201eImpulse 2017\u201c in Essen<\/strong><\/p>\n<p>Bei der <a class=\"extern\" href=\"https:\/\/www.qualitaetsoffensive-lehrerbildung.de\/de\/tagung-impulse-2017-perspektiven-fuer-die-lehrerbildung-in-nrw-1788.html\">Tagung<\/a> \u201eImpulse 2017 \u2013 Perspektiven &amp; Herausforderungen f\u00fcr die Lehrerbildung in Nordrhein-Westfalen\u201c am 23.11.2017 war das Projekt LeBiAC mit folgenden Workshopangeboten vertreten:<br>\u201eInklusionsorientierte Lehrer*innenausbildung im Lehramt an Berufskollegs\u201c und \u201eNachwuchsf\u00f6rderung\u201c.<br>Die Dokumentation der Tagung finden Sie \u00fcber die Seiten des Brosch\u00fcrenservice des Ministeriums: <a class=\"download\" href=\"https:\/\/broschueren.nordrheinwestfalendirekt.de\/herunterladen\/der\/datei\/lehrerausbildung-pdf\/von\/perspektiven-und-herausforderungen-fuer-die-lehrerbildung-in-nrw-sonderausgabe-von-schule-nrw-04-2018\/vom\/msb\/2864\">Impulse 2017<\/a>.<\/p>\n<\/div>\n\n\n\n<hr class=\"wp-block-separator\"\/>\n\n\n\n<div>\n<p><strong>Netzwerktagung in Bonn<\/strong><\/p>\n<p>Am 11.\/12. Oktober 2017 fand in Bonn die <a class=\"extern\" href=\"https:\/\/www.qualitaetsoffensive-lehrerbildung.de\/de\/netzwerktagung-10-2017-1768.html\">Netzwerktagung<\/a> zum Thema \u201eProfilierung \u2013 Vernetzung \u2013 Verbindung: Kooperationen in der Lehrerausbildung\u201c statt.<br>Das LeBiAC Projekt war dort mit zwei Posterbeitr\u00e4gen vertreten:<br><a class=\"download\" href=\"http:\/\/www.lebiac.rwth-aachen.de\/wp-content\/uploads\/2017\/12\/LeBiAC_Poster_QLB-Netzwerktagung_Okt2017_Profilierung-der-Lehrerbildung_Kwiecien.pdf\">\u201eProfilierung der Lehrerbildung an der RWTH Aachen\u201c<\/a> und<br><a class=\"download\" href=\"http:\/\/www.lebiac.rwth-aachen.de\/wp-content\/uploads\/2017\/12\/LeBiAC_Psoster_QLB-Tagung-okt2017_Praxissemester_Joswig.pdf\">\u201eWeiterentwicklung der Lehrerbildung an der RWTH Aachen im Kontext des Praxissemesters\u201c<\/a><\/p>\n<\/div>\n\n\n\n<hr class=\"wp-block-separator\"\/>\n\n\n\n<div>\n<p><strong>Erster Programmkongress in Berlin <\/strong><\/p>\n<p>Am 12. und 13. Oktober 2016 fand in Berlin der erste Programmkongress statt, der von Bundesministerin Johanna Wanka er\u00f6ffnet wurde. Zentraler Bestandteil des Kongresses waren zehn thematische Foren zu den Schwerpunktthemen der \u201eQualit\u00e4tsoffensive Lehrerbildung\u201c. Die RWTH war nicht durch ihren Rektoratsbeauftragten f\u00fcr die Lehrerbildung, Herrn Prof. Dr. Christian Kuchler, vertreten, sondern weitere Vertreter*innen unserer Hochschule gestalteten den Kongress aktiv mit: Frau Prof. Dr. Heidrun Heinke (Physikalisches Institut I A) stellte im Forum <em>\u201eLehrernachwuchs in gewerblich-technischen und naturwissenschaftlich-mathematischen F\u00e4chern sichern\u201c <\/em>die im Rahmen des Projektes \u201eLeBiAC\u201c geplanten Ma\u00dfnahmen zur Akquise geeigneter Lehramtsstudierender f\u00fcr MINT-F\u00e4cher an Gymnasien und Gesamtschulen und Berufskollegs vor. Das Schaufenster <em>\u201eDigitale Bildung &#8211; Szenarien und Medienp\u00e4dagogik\u201c <\/em>wurde von Herrn Prof. Dr. Sven Kommer (Institut f\u00fcr Erziehungswissenschaft) moderiert und der RWTH-Student Andreas Gebhardt nahm an der Podiumsdiskussion \u201eErfahrungen mit dem Studium und Erwartungen an die schulische Praxis\u201c teil.<\/p>\n<p>Eine ausf\u00fchrliche Dokumentation des Programmkongresses finden Sie <a class=\"extern\" href=\"https:\/\/ql.bmbfcluster.de\/de\/1-programmkongress-1730.html\">hier<\/a>.<\/p>\n<\/div>\n\n\n\n<hr class=\"wp-block-separator\"\/>\n\n\n\n<div>\n<p><strong>BMBF- Brosch\u00fcre \u201eNeue Wege in der Lehrerbildung\u201c <\/strong><\/p>\n<p>Im Oktober 2016 ist die BMBF-Brosch\u00fcre \u201eNeue Wege in der Lehrerbildung\u201c erschienen. Die RWTH Aachen war aktiv bei der Erstellung der Publikation eingebunden: so sind einige der abgebildeten Fotos in Aachen aufgenommen worden und es werden in der Brosch\u00fcre die Ma\u00dfnahmen zur Akquise in Bedarfsfeldern an der RWTH vorgestellt.<\/p>\n<p>Die Brosch\u00fcre kann <a class=\"extern\" href=\"https:\/\/ql.bmbfcluster.de\/files\/Neue_Wege_in_der_Lehrerbildung.pdf\">hier<\/a> eingesehen werden.<\/p>\n<\/div>\n","protected":false},"excerpt":{"rendered":"<p>Projekttreffen Die regelm\u00e4\u00dfigen Treffen der Steuerungsgruppe dienen dem Controlling und der Weiterentwicklung des LeBiAC-Projekts. Die halbj\u00e4hrig stattfindenden Gesamttreffen aller am LeBiAC-Projekt Mitwirkenden bieten einen Informationsaustausch und M\u00f6glichkeiten zur Vernetzung innerhalb <a class=\"more-link\" href=\"https:\/\/www.lebiac.rwth-aachen.de\/?page_id=1054\">Continue Reading \u2192<\/a><\/p>\n","protected":false},"author":2,"featured_media":0,"parent":9,"menu_order":0,"comment_status":"closed","ping_status":"closed","template":"","meta":[],"_links":{"self":[{"href":"https:\/\/www.lebiac.rwth-aachen.de\/index.php?rest_route=\/wp\/v2\/pages\/1054"}],"collection":[{"href":"https:\/\/www.lebiac.rwth-aachen.de\/index.php?rest_route=\/wp\/v2\/pages"}],"about":[{"href":"https:\/\/www.lebiac.rwth-aachen.de\/index.php?rest_route=\/wp\/v2\/types\/page"}],"author":[{"embeddable":true,"href":"https:\/\/www.lebiac.rwth-aachen.de\/index.php?rest_route=\/wp\/v2\/users\/2"}],"replies":[{"embeddable":true,"href":"https:\/\/www.lebiac.rwth-aachen.de\/index.php?rest_route=%2Fwp%2Fv2%2Fcomments&post=1054"}],"version-history":[{"count":10,"href":"https:\/\/www.lebiac.rwth-aachen.de\/index.php?rest_route=\/wp\/v2\/pages\/1054\/revisions"}],"predecessor-version":[{"id":1772,"href":"https:\/\/www.lebiac.rwth-aachen.de\/index.php?rest_route=\/wp\/v2\/pages\/1054\/revisions\/1772"}],"up":[{"embeddable":true,"href":"https:\/\/www.lebiac.rwth-aachen.de\/index.php?rest_route=\/wp\/v2\/pages\/9"}],"wp:attachment":[{"href":"https:\/\/www.lebiac.rwth-aachen.de\/index.php?rest_route=%2Fwp%2Fv2%2Fmedia&parent=1054"}],"curies":[{"name":"wp","href":"https:\/\/api.w.org\/{rel}","templated":true}]}}