{"id":1479,"date":"2019-04-26T13:30:51","date_gmt":"2019-04-26T11:30:51","guid":{"rendered":"http:\/\/www.lebiac.rwth-aachen.de\/?page_id=1479"},"modified":"2021-04-29T11:57:54","modified_gmt":"2021-04-29T09:57:54","slug":"oer-kompetenzen","status":"publish","type":"page","link":"https:\/\/www.lebiac.rwth-aachen.de\/?page_id=1479","title":{"rendered":"OER-Kompetenzen"},"content":{"rendered":"\n<h2> Offene digitale Lernmaterialien und Lernanwendungen <\/h2>\n\n\n\n<p>Ab dem 01.01.2019 wurde eine weitere Ma\u00dfnahme im Rahmen der 2.F\u00f6rderphase der Qualit\u00e4tsoffensive Lehrerbildung des LeBiAC-Projektes f\u00fcr die Sensibilisierung und Qualifizierung der Fachdidaktik-Dozierenden und ihre Studierenden f\u00fcr offene digitale Lernmaterialien und Lernanwendungen (dOER) eingef\u00fchrt.<\/p>\n\n\n\n<p>Das Teilprojekt zielt auf die Sensibilisierung und Qualifizierung f\u00fcr offene digitale Lernmaterialien und Lernanwendungen (dOER) in allen F\u00e4chern der Lehramtsausbildung an der RWTH Aachen und kn\u00fcpft dabei an Vorarbeiten aus dem erfolgreichen BMBF-Projekt <a href=\"https:\/\/learntech.rwth-aachen.de\/go\/id\/nhem\">MINT-L-OER-amt <\/a>an.  <\/p>\n\n\n\n<p>Zus\u00e4tzlich zu den Lehramtsstudierenden adressiert das Teilprojekt auch alle Lehrenden der Fachdidaktiken und alle mit der Lehrkr\u00e4ftebildung betrauten Lehrenden der Bildungswissenschaften, die f\u00fcr die Nutzung und (Weiter-)entwicklung von dOER qualifiziert werden sollen. Durch die Einbettung geeigneter Bausteine in curricular verankerte fachdidaktische und bildungswissenschaftliche Lehrveranstaltungen, soll mittelfristig erreicht werden, dass alle Lehramtsstudierenden der RWTH f\u00fcr dOER qualifiziert werden. <\/p>\n\n\n\n<p>Zu Beginn des Projekts werden dazu Qualifikationsworkshops mit Lehrenden und Studierenden gemeinsam durchgef\u00fchrt. In den Folgejahren \u00fcbernehmen die Fachdidaktiken die Angebote in eigener Regie in ihre Lehrveranstaltungen.<\/p>\n\n\n\n<p><\/p>\n\n\n\n<p>Mehr Informationen zu den dOER-Aktivit\u00e4ten finden Sie <a href=\"https:\/\/learntech.rwth-aachen.de\/go\/id\/zqae\">hier.<\/a><\/p>\n\n\n\n<p><a class=\"extern\" href=\"http:\/\/www.lebiac.rwth-aachen.de\/wp-content\/uploads\/2019\/11\/Flyer_Endversion.pdf\" rel=\"noopener noreferrer\">Download Flyer zum OER-Projekt (pdf)<\/a><\/p>\n\n\n\n<hr class=\"wp-block-separator\"\/>\n\n\n\n<h2>Kontakt<\/h2>\n\n\n\n<p><strong>Teilprojekt-Leitung:<\/strong><br>Herr <a href=\"http:\/\/learntech.rwth-aachen.de\/cms\/LearnTech\/Das-Lehr-und-Forschungsgebiet\/Mitarbeiter\/Institutsleitung\/~jxqe\/Ulrik-Schroeder\/?allou=1\">Prof. Dr.-Ing. Ulrik Schroeder<\/a><br>Tel.: +49 241 80 21930<br>Mail:  schroeder[at]informatik.rwth-aachen.de <\/p>\n\n\n\n<p><strong>Teilprojektmitarbeiterin:<br><\/strong>Frau <a href=\"http:\/\/learntech.rwth-aachen.de\/cms\/LearnTech\/Das-Lehr-und-Forschungsgebiet\/Mitarbeiter\/Wissenschaftliche-Mitarbeiterinnen-und-M\/~nmsn\/Lubna-Ali\/\">Lubna Ali<\/a><br>Tel.: +49 241 80 21939<br>Mail: ali[at]informatik.rwth-aachen.de <\/p>\n","protected":false},"excerpt":{"rendered":"<p>Offene digitale Lernmaterialien und Lernanwendungen Ab dem 01.01.2019 wurde eine weitere Ma\u00dfnahme im Rahmen der 2.F\u00f6rderphase der Qualit\u00e4tsoffensive Lehrerbildung des LeBiAC-Projektes f\u00fcr die Sensibilisierung und Qualifizierung der Fachdidaktik-Dozierenden und ihre <a class=\"more-link\" href=\"https:\/\/www.lebiac.rwth-aachen.de\/?page_id=1479\">Continue Reading \u2192<\/a><\/p>\n","protected":false},"author":2,"featured_media":0,"parent":1460,"menu_order":0,"comment_status":"closed","ping_status":"closed","template":"","meta":[],"_links":{"self":[{"href":"https:\/\/www.lebiac.rwth-aachen.de\/index.php?rest_route=\/wp\/v2\/pages\/1479"}],"collection":[{"href":"https:\/\/www.lebiac.rwth-aachen.de\/index.php?rest_route=\/wp\/v2\/pages"}],"about":[{"href":"https:\/\/www.lebiac.rwth-aachen.de\/index.php?rest_route=\/wp\/v2\/types\/page"}],"author":[{"embeddable":true,"href":"https:\/\/www.lebiac.rwth-aachen.de\/index.php?rest_route=\/wp\/v2\/users\/2"}],"replies":[{"embeddable":true,"href":"https:\/\/www.lebiac.rwth-aachen.de\/index.php?rest_route=%2Fwp%2Fv2%2Fcomments&post=1479"}],"version-history":[{"count":10,"href":"https:\/\/www.lebiac.rwth-aachen.de\/index.php?rest_route=\/wp\/v2\/pages\/1479\/revisions"}],"predecessor-version":[{"id":2137,"href":"https:\/\/www.lebiac.rwth-aachen.de\/index.php?rest_route=\/wp\/v2\/pages\/1479\/revisions\/2137"}],"up":[{"embeddable":true,"href":"https:\/\/www.lebiac.rwth-aachen.de\/index.php?rest_route=\/wp\/v2\/pages\/1460"}],"wp:attachment":[{"href":"https:\/\/www.lebiac.rwth-aachen.de\/index.php?rest_route=%2Fwp%2Fv2%2Fmedia&parent=1479"}],"curies":[{"name":"wp","href":"https:\/\/api.w.org\/{rel}","templated":true}]}}