{"id":1493,"date":"2019-04-26T13:58:07","date_gmt":"2019-04-26T11:58:07","guid":{"rendered":"http:\/\/www.lebiac.rwth-aachen.de\/?page_id=1493"},"modified":"2022-02-08T09:04:01","modified_gmt":"2022-02-08T08:04:01","slug":"medien-im-unterricht","status":"publish","type":"page","link":"https:\/\/www.lebiac.rwth-aachen.de\/?page_id=1493","title":{"rendered":"Medien im Unterricht"},"content":{"rendered":"\n<p>Bereits lange vor der Corona-Pandemie war deutlich, dass die zunehmende Digitalisierung eine nicht zu untersch\u00e4tzende Herausforderung f\u00fcr das Bildungssystem darstellt. Diese hat aber verdeutlicht, dass die Bedeutung Lehrkr\u00e4fte in spe in der Anwendung und Nutzung digitaler\/neuer Medien im Unterricht weiterhin zu schulen, sehr aktuell ist.<\/p>\n\n\n\n<p>In der zweiten F\u00f6rderphase des LeBiAC-Projekts wird ein Gesamtkonzept f\u00fcr digitale Bildung in der Lehrerbildung unter Einbeziehung von Medienbildung, Mediendidaktik und Informatik in enger Abstimmung mit den Fachdidaktiken erarbeitet. Ziel ist es, neben fach\u00fcbergreifenden auch fachspezifische Medienkompetenzen zu schulen. Dabei geht es darum, Ans\u00e4tze der Medienbildung mit einzubeziehen, um so neben rein anwendungsbezogenen und technologischen, auch gesellschaftlich-kulturelle sowie emanzipatorische-bildungstheoretische Perspektiven einzubeziehen<\/p>\n\n\n\n<p>Dieser Herausforderung begegnen wir mit einem Konzept zur Einbettung von Erkl\u00e4rvideos in der Lehre, welches zwei zentrale Bausteine enth\u00e4lt: Lernen durch Lehren \u2013 mit Elementen kollaborativen Arbeitens \u2013 und Aufbereitung eines mediendidaktischen Lernangebots zur eigenst\u00e4ndigen Recherche. Die Distanz-Lehre und auch die Frage der Implementierung des Konzepts \u00fcber Projektende hinaus, hat dazu angeregt Studierende f\u00fcr Studierende Tutorials zur fachspezifischen Anwendung von diversen (digitalen) Tools erstellen zu lassen. Diese werden mit zus\u00e4tzlichen, fach\u00fcbergreifenden Tutorials in einen Moodle-Lernraum zuk\u00fcnftigen Studierenden des Lehramts an der RWTH zur Verf\u00fcgung gestellt.<\/p>\n\n\n\n<hr class=\"wp-block-separator\"\/>\n\n\n\n<h2>Kontakt<\/h2>\n\n\n\n<p><strong>Teilprojekt-Leitung:<\/strong><br>Herr <a href=\"http:\/\/www.ezw.rwth-aachen.de\/cms\/EZW\/Das-Institut\/Professuren-i\/Allgemeine-Didaktik-mit-dem-Schwerpunkt\/Team\/~ekhu\/Univ-Prof-Dr-Sven-Kommer\/?lidx=1&amp;allou=1\">Prof. Dr. phil. Sven Kommer<\/a><br>Tel.: +49 241 80 93542<br>Mail:  sven.kommer[at]rwth-aachen.de <\/p>\n\n\n\n<p><strong>Teilprojektmitarbeiterin:<br><\/strong>Frau <a href=\"http:\/\/www.ezw.rwth-aachen.de\/cms\/EZW\/Das-Institut\/Professuren-i\/Allgemeine-Didaktik-mit-dem-Schwerpunkt\/Team\/~sjpc\/Deborah-Hennig\/lidx\/1\/\">Deborah Hennig<\/a><br>Tel.: +49 241 80 93596<br>Mail:  professionalisierung.medien[at]rwth-aachen.de <\/p>\n","protected":false},"excerpt":{"rendered":"<p>Bereits lange vor der Corona-Pandemie war deutlich, dass die zunehmende Digitalisierung eine nicht zu untersch\u00e4tzende Herausforderung f\u00fcr das Bildungssystem darstellt. Diese hat aber verdeutlicht, dass die Bedeutung Lehrkr\u00e4fte in spe <a class=\"more-link\" href=\"https:\/\/www.lebiac.rwth-aachen.de\/?page_id=1493\">Continue Reading \u2192<\/a><\/p>\n","protected":false},"author":2,"featured_media":0,"parent":1460,"menu_order":0,"comment_status":"closed","ping_status":"closed","template":"","meta":[],"_links":{"self":[{"href":"https:\/\/www.lebiac.rwth-aachen.de\/index.php?rest_route=\/wp\/v2\/pages\/1493"}],"collection":[{"href":"https:\/\/www.lebiac.rwth-aachen.de\/index.php?rest_route=\/wp\/v2\/pages"}],"about":[{"href":"https:\/\/www.lebiac.rwth-aachen.de\/index.php?rest_route=\/wp\/v2\/types\/page"}],"author":[{"embeddable":true,"href":"https:\/\/www.lebiac.rwth-aachen.de\/index.php?rest_route=\/wp\/v2\/users\/2"}],"replies":[{"embeddable":true,"href":"https:\/\/www.lebiac.rwth-aachen.de\/index.php?rest_route=%2Fwp%2Fv2%2Fcomments&post=1493"}],"version-history":[{"count":11,"href":"https:\/\/www.lebiac.rwth-aachen.de\/index.php?rest_route=\/wp\/v2\/pages\/1493\/revisions"}],"predecessor-version":[{"id":2199,"href":"https:\/\/www.lebiac.rwth-aachen.de\/index.php?rest_route=\/wp\/v2\/pages\/1493\/revisions\/2199"}],"up":[{"embeddable":true,"href":"https:\/\/www.lebiac.rwth-aachen.de\/index.php?rest_route=\/wp\/v2\/pages\/1460"}],"wp:attachment":[{"href":"https:\/\/www.lebiac.rwth-aachen.de\/index.php?rest_route=%2Fwp%2Fv2%2Fmedia&parent=1493"}],"curies":[{"name":"wp","href":"https:\/\/api.w.org\/{rel}","templated":true}]}}