{"id":1773,"date":"2019-09-10T09:31:52","date_gmt":"2019-09-10T07:31:52","guid":{"rendered":"http:\/\/www.lebiac.rwth-aachen.de\/?page_id=1773"},"modified":"2021-07-30T10:14:58","modified_gmt":"2021-07-30T08:14:58","slug":"veroeffentlichungen","status":"publish","type":"page","link":"https:\/\/www.lebiac.rwth-aachen.de\/?page_id=1773","title":{"rendered":"Ver\u00f6ffentlichungen"},"content":{"rendered":"\n<h2>Pressemitteilungen:<\/h2>\n\n\n\n<p><a<br>\n<a class=\"extern\" href=\"https:\/\/www.rwth-aachen.de\/go\/id\/njxix\">CAMMP &#8211; LeLa-Preis 2021<\/a><br>\n<a class=\"extern\" href=\"https:\/\/www.rwth-aachen.de\/go\/id\/blquk?#aaaaaaaaaablrds\" rel=\"noopener noreferrer\">CAMMP &#8211; Brigitte Gilles Preis 2019<\/a><br><a class=\"extern\" href=\"https:\/\/blog.rwth-aachen.de\/cammp\/category\/publikationen\/\">CAMMP &#8211; Abschlussarbeiten\/Publikationen<\/a><br><a class=\"extern\" href=\"http:\/\/www.lebiac.rwth-aachen.de\/wp-content\/uploads\/2019\/09\/Aachener-Zeitung-az-a1-20180818-28.pdf\">Zeitungsartikel &#8222;Gut bei Stimme? aus Aachner Nachrichten vom 18.08.2018 zum Projekt Stimme<\/a><br><a class=\"extern\" href=\"https:\/\/www.daserste.de\/information\/wissen-kultur\/w-wie-wissen\/videos\/w-wie-wissen-video-292.html\">Teilbeitrag \u201eDie Macht der Stimme\u201c in der ARD-Sendung \u201eW-wie Wissen\u201c vom 4.05.2019 zum Projekt Stimme<\/a><br><a class=\"extern\" href=\"https:\/\/www1.wdr.de\/nachrichten\/rheinland\/stimmscreening-lehrer-100.html\"> Nachrichtenbeitrag \u201eStimmscreening f\u00fcr angehende Lehrer in Aachen\u201c vom 24.4.2018 in den WDR Lokalnachrichten zum Projekt Stimme<\/a><br><a class=\"extern\" href=\"https:\/\/www.sat1nrw.de\/aktuell\/stimmtest-fuer-lehrer-181457\/\">Nachrichtenbeitrag \u201eStimmtest f\u00fcr Lehrer\u201c vom 5.4.2018 in den Sat.1NRW Lokalnachrichten zum Projekt Stimme<\/a><br><a class=\"extern\" href=\"http:\/\/www.rwth-aachen.de\/go\/id\/rkbw?#aaaaaaaaaaarkbx\">RWTH-Pressemeldung zur LeBiAC-Projektforsetzung vom 5.9.2018<\/a><br><\/a<br><\/p>\n\n\n\n<h2>Veranstaltungen:<\/h2>\n\n\n\n<p><a class=\"extern\" href=\"http:\/\/www.campus.rwth-aachen.de\/rwth\/all\/event.asp?gguid=0x385BE1D8BEEF8147A3B0B06BA58CAC67&#038;tguid=0xEBB2D1C29613C04FBF47F82813B5A4E9\">Lehrerveranstaltungen f\u00fcr Studierende &#8211; CAMMP days<\/a><br><a class=\"extern\" href=\"http:\/\/www.campus.rwth-aachen.de\/rwth\/all\/event.asp?gguid=0xC8650E6044C51048BC09BA14CB450B2C&#038;tguid=0x0C459501268AC043A64ED1E2F7FA6BEF\">Lehrerveranstaltungen f\u00fcr Studierende &#8211; CAMMP week-Seminar <\/a><br><a class=\"extern\" href=\"http:\/\/www.campus.rwth-aachen.de\/rwth\/all\/event.asp?gguid=0x9AD33D6C15FED34A95BADA9CBC43FB5C&#038;tguid=0x0C459501268AC043A64ED1E2F7FA6BEF\">Lehrerveranstaltungen f\u00fcr Studierende &#8211; Veranstaltung Anwendung und Modellierung <\/a><br><a class=\"extern\" href=\" https:\/\/blog.rwth-aachen.de\/cammp\/files\/2016\/04\/Cweekteacher.pdf\">Lehrerfortbildungen &#8211; Einf\u00fchrung in die Mathematische Modellierung <\/a><br><a class=\"extern\" href=\"http:\/\/www.lebiac.rwth-aachen.de\/?page_id=1124\">Stimmscreening <\/a><br><a class=\"extern\" href=\"http:\/\/www.lebiac.rwth-aachen.de\/?page_id=1149\">Workshop \u201eAtem und Stimme \u2013 Basiskurs f\u00fcr Lehramtsstudierende\u201c<\/a><br><a class=\"extern\" href=\"http:\/\/www.lebiac.rwth-aachen.de\/?page_id=1146\">Workshop \u201eAtem und Stimme \u2013 Ein Aufbaukurs f\u00fcr Lehramtsstudierende\u201c<\/a><br><a class=\"extern\" href=\"https:\/\/blog.rwth-aachen.de\/aachenerfachdidaktikforum\/2019\/07\/02\/aachener-didaktiktag-2019-safe-the-date\/\">Aachener Didaktiktag 2019 \u2013 Save the Date<\/a><br><a class=\"extern\" href=\"http:\/\/www.bundeskongress-2017.mnu.de\/\">108. MNU-Bundeskongress in Aachen<\/a><br><a class=\"extern\" href=\"https:\/\/www.rwth-aachen.de\/go\/id\/lxms?#aaaaaaaaaaalxmv\">Start des Projekts \u201eGoAIX! \u2013 Glaubensorte erforschen\u201c<\/a><br><a class=\"extern\" href=\"https:\/\/www.rwth-aachen.de\/go\/id\/jlcl?#aaaaaaaaaaajlcn\">Profilsch\u00e4rfung in der Lehramtsausbildung<\/a><br><a class=\"extern\" href=\"https:\/\/www.historicum.net\/kgd\/forschung\/zweijahrestagungen\/2015-aachen\/\">XXI. Zweijahrestagung der Konferenz f\u00fcr Geschichtsdidaktik (KGD) an der RWTH Aachen<\/a><br><a class=\"extern\" href=\"https:\/\/www.rwth-aachen.de\/go\/id\/iyuf?#aaaaaaaaaaaiyuk\">Auftakt zum dritten MILeNa-Jahrgang f\u00fcr Sch\u00fclerinnen und Sch\u00fcler<\/a><br><a class=\"extern\" href=\"http:\/\/www.lebiac.rwth-aachen.de\/wp-content\/uploads\/2019\/04\/SS19_Newsletter_Medien-im-Unterricht.pdf\">LeBiAC \u2013 Workshops mit digitalen Medien<\/a><br><a class=\"extern\" href=\"http:\/\/www.fb1.rwth-aachen.de\/Symposium.2020\">06.01.20 Symposium zur Rolle der Mathematik in den INT-F\u00e4chern<\/a><br>\n\n\n\n<h2>Medien<\/h2>\n\n\n\n<p><a class=\"extern\" href=\"https:\/\/blog.rwth-aachen.de\/cammp\/\">CAMMP-Imagefilm <\/a><br><a class=\"extern\" href=\"http:\/\/www.lebiac.rwth-aachen.de\/wp-content\/uploads\/2019\/09\/qr-Code-stimmscreening-neu.jpg\">qr-Code Stimmscreening <\/a><br><a class=\"extern\" href=\"https:\/\/www.global-assess.rwth-aachen.de\/deutschtest\/frontend\/www\/index.php?r=uberTest\/view&#038;id=19\">Selbst-Check: Wie sch\u00e4tze ich meine Stimme ein? <\/a><br><a class=\"extern\" href=\"http:\/\/www.lebiac.rwth-aachen.de\/wp-content\/uploads\/2018\/08\/Gesellschaftswissenschaften-Handbuch_LeBiAC_vers_Stand-13.08.2018.pdf\">Handbuch zum Praxissemster in Gesellschaftswissenschaften <\/a><br><a class=\"extern\" href=\"http:\/\/schuelerlabor.informatik.rwth-aachen.de\/fragebogenapp\/index.html\">Feedback-App-LLL-Sitzung <\/a><br><a class=\"extern\" href=\"http:\/\/www.lebiac.rwth-aachen.de\/wp-content\/uploads\/2018\/08\/Beobachtungsbogen09082018.pdf\">Beobachtungsbogen zum Downloaden als PDF <\/a><br><a class=\"extern\" href=\"http:\/\/www.lebiac.rwth-aachen.de\/wp-content\/uploads\/2018\/08\/Checkliste_lebiac.pdf\">Checkliste zum Downloaden als PDF <\/a><br><a class=\"extern\" href=\"https:\/\/phyphox.org\/ble\/\">Informationen zur Bluetooth-Schnittstelle-phyphox <\/a><br><a class=\"extern\" href=\"https:\/\/phyphox.org\/ble\/\">Informationen zu phyphox<\/a>\n\n\n\n<h2><\/h2>\n","protected":false},"excerpt":{"rendered":"<p>Pressemitteilungen:<\/p>\n","protected":false},"author":2,"featured_media":0,"parent":648,"menu_order":0,"comment_status":"closed","ping_status":"closed","template":"","meta":[],"_links":{"self":[{"href":"https:\/\/www.lebiac.rwth-aachen.de\/index.php?rest_route=\/wp\/v2\/pages\/1773"}],"collection":[{"href":"https:\/\/www.lebiac.rwth-aachen.de\/index.php?rest_route=\/wp\/v2\/pages"}],"about":[{"href":"https:\/\/www.lebiac.rwth-aachen.de\/index.php?rest_route=\/wp\/v2\/types\/page"}],"author":[{"embeddable":true,"href":"https:\/\/www.lebiac.rwth-aachen.de\/index.php?rest_route=\/wp\/v2\/users\/2"}],"replies":[{"embeddable":true,"href":"https:\/\/www.lebiac.rwth-aachen.de\/index.php?rest_route=%2Fwp%2Fv2%2Fcomments&post=1773"}],"version-history":[{"count":27,"href":"https:\/\/www.lebiac.rwth-aachen.de\/index.php?rest_route=\/wp\/v2\/pages\/1773\/revisions"}],"predecessor-version":[{"id":2176,"href":"https:\/\/www.lebiac.rwth-aachen.de\/index.php?rest_route=\/wp\/v2\/pages\/1773\/revisions\/2176"}],"up":[{"embeddable":true,"href":"https:\/\/www.lebiac.rwth-aachen.de\/index.php?rest_route=\/wp\/v2\/pages\/648"}],"wp:attachment":[{"href":"https:\/\/www.lebiac.rwth-aachen.de\/index.php?rest_route=%2Fwp%2Fv2%2Fmedia&parent=1773"}],"curies":[{"name":"wp","href":"https:\/\/api.w.org\/{rel}","templated":true}]}}