{"id":208,"date":"2017-02-16T12:24:12","date_gmt":"2017-02-16T11:24:12","guid":{"rendered":"http:\/\/www.lebiac.rwth-aachen.de\/?page_id=208"},"modified":"2023-01-10T11:06:04","modified_gmt":"2023-01-10T10:06:04","slug":"ii-1d-ag-philologien","status":"publish","type":"page","link":"https:\/\/www.lebiac.rwth-aachen.de\/?page_id=208","title":{"rendered":"Philologien"},"content":{"rendered":"\n<p>Zur inhaltlichen, curricularen und praktischen Ausgestaltung des Praxissemesters f\u00fcr das Lehramt an Gymnasien und Gesamtschulen sowie Berufskollegs arbeiten Vertreterinnen und Vertreter aller drei an der Lehrerausbildung beteiligten Institutionen zusammen im Fachverbund Philologien \u2013 die RWTH Aachen,&nbsp;die drei Zentren f\u00fcr schulpraktische Lehrerausbildung (<a class=\"extern\" href=\"http:\/\/www.zfsl-aachen.nrw.de\/\">ZfsL Aachen<\/a>, <a class=\"extern\" href=\"http:\/\/www.zfsl-juelich.nrw.de\/Seminar_GyGe\/\">ZfsL J\u00fclich <\/a>und <a class=\"extern\" href=\"http:\/\/www.zfsl-dueren.nrw.de\/Seminar_GyGe\/index.html\">ZfsL D\u00fcren<\/a>) und die Schulen der Ausbildungsregion Aachen.<\/p>\n\n\n\n<h2>Besondere Aufgaben<\/h2>\n\n\n\n<p>Regelm\u00e4\u00dfige Treffen der Mitglieder im Fachverbund Philologien tragen zu einem intensiven und f\u00e4cher\u00fcbergreifenden Austausch zwischen allen beteiligten Institutionen im Praxissemester bei. Dar\u00fcber hinaus befassen sich die Mitglieder des Fachverbunds Philologien mit der Aktualisierung, Erneuerung und Verzahnung der fachbezogenen Konzepte zu den Vorbereitungs- und Begleitseminaren an der RWTH Aachen und den gemeinsamen Curricula der ZfsL Aachen, J\u00fclich und D\u00fcren f\u00fcr das Einf\u00fchrungsseminar im Praxissemester. Die Aktualisierung dieser Dokumente erfolgt \u00fcbergreifend sowie fachintern in gemeinsamer Zusammenarbeit der drei Institutionen.<\/p>\n\n\n\n<h2>Beteiligte Fachdidaktiken &amp; F\u00e4cher im Fachverbund<\/h2>\n\n\n\n<p>In dem Fachverbund Philologien sind insgesamt 4 F\u00e4cher (Deutsch, Englisch, Franz\u00f6sisch und Spanisch) vertreten, welche jeweils als Bachelor- und Masterstudiengang f\u00fcr das Lehramt (GyGe und BK) an der RWTH Aachen angeboten werden. Hinzu kommt das f\u00fcr die Lehramtsstudierende aller Fachrichtungen verpflichtende Modul \u201eDeutsch f\u00fcr Sch\u00fclerinnen und Sch\u00fcler mit Zuwanderungsgeschichte&#8220;&nbsp;(DSSZ).<\/p>\n\n\n\n<h2>Die F\u00e4cher des Fachverbunds&nbsp;Philologien sind:<\/h2>\n\n\n\n<ul><li><a class=\"extern\" href=\"http:\/\/www.lfd.rwth-aachen.de\/\">Deutsch f\u00fcr Sch\u00fclerinnen und Sch\u00fcler mit Zuwanderungsgeschichte<\/a> (DSSZ) (Pflichtmodul f\u00fcr alle Lehramtsstudierende)<\/li><li>Fachdidaktik <a class=\"extern\" href=\"http:\/\/www.lfd.rwth-aachen.de\/\">Deutsch<\/a> (f\u00fcr GyGe und BK)<\/li><li><a class=\"extern\" href=\"http:\/\/www.anglistik.rwth-aachen.de\/cms\/Anglistik\/Anglistik-Amerikanistik\/~gcmf\/FSD-Platzhalter\/\">Fremdsprachendidaktik<\/a> mit den F\u00e4chern Englisch, Franz\u00f6sisch und Spanisch (f\u00fcr GyGe und BK)<\/li><\/ul>\n\n\n\n<h2>Aktuelle Themen<\/h2>\n\n\n\n<p>Aktuell arbeitet der Fachverbund an einer \u00fcberarbeiteten Version des Handbuchs zum Praxissemester f\u00fcr den Bereich der Philologien. Besonderer Schwerpunkt liegt auf der Abstimmung und Verzahnung der Curricula zwischen Hochschule und ZfsL. Dies geschieht u.a. auch als Reaktion studentischer Evaluationen, die einen noch st\u00e4rkeren Abgleich fordern.<\/p>\n\n\n\n<p>Weitere Besch\u00e4ftigungsfelder werden die Besch\u00e4ftigung mit dem Portfolio sowie m\u00f6gliche \u00c4nderungen im Hinblick auf Form und Umfang des Studienprojekts in den F\u00e4chern Englisch, Franz\u00f6sisch, Spanisch sein.<\/p>\n\n\n\n<p>Weitere Informationen finden Sie auf den Seiten des <a class=\"extern\" href=\"http:\/\/www.lbz.rwth-aachen.de\/aw\/cms\/website\/zielgruppen\/ArbeitsgruppenLBZ\/Arbeitsgruppen-zum-Praxissemester\/~trv\/Fachverbuende\/?lang=de\">Lehrerbildungszentrums<\/a> der RWTH Aachen.<\/p>\n\n\n\n<hr class=\"wp-block-separator\"\/>\n\n\n\n<h2>Kontakt<\/h2>\n\n\n\n<p><strong>Teilprojekt-Leitung:<\/strong><br>Herr <a href=\"https:\/\/www.germlit.rwth-aachen.de\/index.php?option=com_contact&amp;view=contact&amp;id=65:juergens-hans-joachim-prof-dr-dr&amp;catid=4&amp;Itemid=106\">Prof. Dr. Dr. Hans-Joachim J\u00fcrgens<\/a><br>Tel.: +49 241 80 96085  <br>Mail:  h.juergens[at]lfd.rwth-aachen.de  \n\n<\/p>\n\n\n\n<p><strong>Teilprojektmitarbeiter:<\/strong> <br>Herr <a href=\"http:\/\/www.ipw.rwth-aachen.de\/wp\/frederik-hafer\/\">Frederik Hafer<\/a> <br>Tel.:  +49 241 80 26123<br>Mail:  frederik.hafer[at]ipw.rwth-aachen.de <\/p>\n","protected":false},"excerpt":{"rendered":"<p>Zur inhaltlichen, curricularen und praktischen Ausgestaltung des Praxissemesters f\u00fcr das Lehramt an Gymnasien und Gesamtschulen sowie Berufskollegs arbeiten Vertreterinnen und Vertreter aller drei an der Lehrerausbildung beteiligten Institutionen zusammen im <a class=\"more-link\" href=\"https:\/\/www.lebiac.rwth-aachen.de\/?page_id=208\">Continue Reading \u2192<\/a><\/p>\n","protected":false},"author":2,"featured_media":0,"parent":199,"menu_order":3,"comment_status":"closed","ping_status":"closed","template":"","meta":[],"_links":{"self":[{"href":"https:\/\/www.lebiac.rwth-aachen.de\/index.php?rest_route=\/wp\/v2\/pages\/208"}],"collection":[{"href":"https:\/\/www.lebiac.rwth-aachen.de\/index.php?rest_route=\/wp\/v2\/pages"}],"about":[{"href":"https:\/\/www.lebiac.rwth-aachen.de\/index.php?rest_route=\/wp\/v2\/types\/page"}],"author":[{"embeddable":true,"href":"https:\/\/www.lebiac.rwth-aachen.de\/index.php?rest_route=\/wp\/v2\/users\/2"}],"replies":[{"embeddable":true,"href":"https:\/\/www.lebiac.rwth-aachen.de\/index.php?rest_route=%2Fwp%2Fv2%2Fcomments&post=208"}],"version-history":[{"count":21,"href":"https:\/\/www.lebiac.rwth-aachen.de\/index.php?rest_route=\/wp\/v2\/pages\/208\/revisions"}],"predecessor-version":[{"id":2263,"href":"https:\/\/www.lebiac.rwth-aachen.de\/index.php?rest_route=\/wp\/v2\/pages\/208\/revisions\/2263"}],"up":[{"embeddable":true,"href":"https:\/\/www.lebiac.rwth-aachen.de\/index.php?rest_route=\/wp\/v2\/pages\/199"}],"wp:attachment":[{"href":"https:\/\/www.lebiac.rwth-aachen.de\/index.php?rest_route=%2Fwp%2Fv2%2Fmedia&parent=208"}],"curies":[{"name":"wp","href":"https:\/\/api.w.org\/{rel}","templated":true}]}}