{"id":211,"date":"2017-02-16T12:26:02","date_gmt":"2017-02-16T11:26:02","guid":{"rendered":"http:\/\/www.lebiac.rwth-aachen.de\/?page_id=211"},"modified":"2019-11-05T11:23:29","modified_gmt":"2019-11-05T10:23:29","slug":"ii-2-lehr-lern-gelegenheiten-mit-schu%cc%88lern","status":"publish","type":"page","link":"https:\/\/www.lebiac.rwth-aachen.de\/?page_id=211","title":{"rendered":"Lehr-Lern-Gelegenheiten mit Schu\u0308lern"},"content":{"rendered":"\n<figure class=\"wp-block-image\"><a href=\"http:\/\/www.lebiac.rwth-aachen.de\/wp-content\/uploads\/2018\/03\/InfoSphere.jpg\"><img loading=\"lazy\" width=\"750\" height=\"500\" src=\"http:\/\/www.lebiac.rwth-aachen.de\/wp-content\/uploads\/2018\/03\/InfoSphere.jpg\" alt=\"Lehr-Lern-Gelegenheiten mit Schu\u0308lern\" class=\"wp-image-1303\" srcset=\"https:\/\/www.lebiac.rwth-aachen.de\/wp-content\/uploads\/2018\/03\/InfoSphere.jpg 750w, https:\/\/www.lebiac.rwth-aachen.de\/wp-content\/uploads\/2018\/03\/InfoSphere-150x100.jpg 150w, https:\/\/www.lebiac.rwth-aachen.de\/wp-content\/uploads\/2018\/03\/InfoSphere-300x200.jpg 300w, https:\/\/www.lebiac.rwth-aachen.de\/wp-content\/uploads\/2018\/03\/InfoSphere-360x240.jpg 360w\" sizes=\"(max-width: 750px) 100vw, 750px\" \/><\/a><\/figure>\n\n\n\n<p>Als ein Element der Professionalisierung von Lehramtsstudierenden an der RWTH Aachen sind im Rahmen des LeBiAC-Teilprojekts II.2 in den F\u00e4chern Mathematik, Informatik, Physik, Biologie\/Chemie, Gesellschaftswissenschaften und Wirtschaft jeweils eigene &#8222;Lehr-Lern-Labore&#8220; und damit verbunden zugeh\u00f6rige &#8222;Lehr-Lern-Gelegenheiten mit Sch\u00fclerinnen und Sch\u00fclern&#8220; entwickelt worden (g\u00e4nzlich neu oder hervorgehend aus zuvor bestehenden Sch\u00fclerlaboren, welche die Professionalisierung der Lehramtsstudierenden nicht als explizites Ziel hatten). Zus\u00e4tzlich zum Praxissemester im Masterstudium erhalten die Lehramtsstudierenden dieser F\u00e4cher dadurch seit dem Wintersemester 2017\/2016 die Gelegenheit, fr\u00fch unter fachdidaktischer Begleitung in gesch\u00fctztem Rahmen praxisrelevante Lehrkompetenzen aufzubauen und zu erweitern sowie qualifizierte R\u00fcckmeldungen zu erhalten.<br>Die Lehr-Lern-Labore, in denen die jeweiligen Fachdidaktiken Workshops f\u00fcr Sch\u00fclerinnen und Sch\u00fcler anbieten, bilden den organisatorischen Rahmen f\u00fcr die Lehr-Lern-Gelegenheiten. Letztere bestehen in der Regel darin, dass Lehramtsstudierende selbst Unterrichtssequenzen entwickeln, diese mit Sch\u00fclergruppen durchf\u00fchren und dabei durch Kommilitonen, Fachdidaktikdozierende und erfahrene Mitarbeiterinnen und Mitarbeiter der Lehr-Lern-Labore u.a. mit Feedback begleitet werden. Neben einer Verbesserung der Lehre dienen die Lehr-Lern-Gelegenheiten vor allem dazu, die F\u00e4higkeiten zur professionellen Unterrichtsbeobachtung, Beschreibung und Reflexion der eigenen und fremder Lehrperformance sowie des Lehrerhandelns der Lehramtsstudierenden zu erweitern.<\/p>\n\n\n\n<p>Die Lehr-Lern-Labore sind mittlerweile integraler Bestandteil der Lehrerausbildung an der RWTH, mit dem \u00fcbergeordneten Ziel einer St\u00e4rkung des Praxisbezugs und der Professionalisierung des Lehramtsstudiums. Details zu den LLL bzw. LLG der einzelnen Fachdidaktiken finden sich auf den zugeh\u00f6rigen Unterwebseiten.<\/p>\n\n\n\n<p>Bei der Konzeption der Lehr-Lern-Labore und Lehr-Lern-Gelegenheiten wurden die einzelnen Fachdidaktiken unterst\u00fctzt durch eine zentrale f\u00e4cher\u00fcbergreifende, formal dem Lehr- und Forschungsgebiet Informatik 9 zugeordnete Konzeptionsstelle. Zudem ist hier in Zusammenarbeit mit den Verbundpartnern f\u00fcr die besonderen Anforderungen der Lehr-Lern-Gelegenheiten ein \u201eWerkzeugkasten\u201c mit lernwirksamen Feedbackinstrumenten und unterst\u00fctzenden Methoden entwickelt worden. Im Genauen sind dies folgende Instrumente:<\/p>\n\n\n\n<ul><li>Die Feedback-App basiert inhaltlich auf den Items des EMU-Projekts nach Helmke et al. und erm\u00f6glicht eine affektiv-intuitive Einsch\u00e4tzung bzw. R\u00fcckmeldung zur Durchf\u00fchrung einer LLL-Sitzung aus drei Perspektiven: Sch\u00fclerinnen und Sch\u00fcler, qualifizierte Beobachtende sowie die Selbstreflexion der\/des Durchf\u00fchrenden selbst. Insbesondere die M\u00f6glichkeit des genaueren Feedbacks von SuS-Seite ist ein wertvolles Merkmal dieses Instruments. F\u00fcr die Nutzung in den Lehr-Lern-Gelegenheiten wurden die urspr\u00fcnglichen EMU-Items\u00e4tze teilweise anders zusammengestellt, teilweise reduziert sowie vor allem bei der SuS-Perspektive in Bezug auf die Passung zur Lebenswelt und Denkweise der Sch\u00fclerinnen und Sch\u00fcler \u00fcberarbeitet. Das Feedback durch SuS, Beobachtende und Durchf\u00fchrende erfolgt jeweils digital direkt nach Ende einer LLL-Sitzung, per Mobilger\u00e4t-App oder in einer Webbrowser-Version.<\/li><li>Der Beobachtungsbogen basiert u.a. auf den \u00dcberlegungen zu \u201egutem Unterricht\u201c nach Meyer und ist w\u00e4hrend einer LLL-Sitzung von einem oder mehreren qualifizierten Beobachtern in Papierform (oder auch am Laptop) tabellarisch auszuf\u00fcllen. Die Beobachtungs-Items \u2013 eingeteilt in Kategorien, die denjenigen der Feedback-App entsprechen \u2013 besitzen jeweils eine Ankreuz-Skala zum \u201eErf\u00fcllungsgrad\u201c sowie ein Kommentarfeld zum freien Aufschreiben von aussagekr\u00e4ftigen Einzelbeobachtungen. Der Beobachtungsbogen erm\u00f6glicht damit eine an konkreten, detaillierten Einzelsituationen ausgerichtete konstruktive R\u00fcckmeldung; komplementiert mit dem affektiven Feedback der Feedback-App erh\u00e4lt man mit beiden Instrumenten zusammen eine sehr vollst\u00e4ndige Grundlage f\u00fcr R\u00fcckmeldungen.<\/li><li>Die Unterrichtsvorbereitungs-Checkliste zum Vorbereiten von LLL-Sitzungen basiert u.a. lose auf den Untersuchungen und Praxiserfahrungen zu wesentlichen Merkmalen \u201eguten Unterrichts\u201c von verschiedenen Didaktikern wie Meyer, Rheinberg, Lipowsky und Helmke. \u00dcbersichtlich in Kategorien aufgeteilt kann die angehende Lehrkraft die Liste Punkt f\u00fcr Punkt durchgehen und jeweils \u201eabhaken\u201c, was erledigt ist.<\/li><\/ul>\n\n\n\n<p>Die Werkzeuge wurden in Abstimmung mit den jeweiligen Verantwortlichen entwickelt und nach Testung in Hospitationen der verschiedenen Lehr-Lern-Labore angepasst. Bei allen drei Instrumenten liegen jeweils eigene (Beobachtungs-)Schwerpunkte auf dem Umgang mit Heterogenit\u00e4t und dem Einsatz digitaler Medien.<\/p>\n\n\n\n<p><strong>Die Instrumente zum Download:<\/strong><\/p>\n\n\n\n<ul><li>Zur der Feedback-App (Testen m\u00f6glich mit dem Code &#8222;0&#8220; oder &#8222;1&#8220;) Weiterleitung auf die Webseiten des Informatik-Sch\u00fclerlabors der RWTH Aachen: <a class=\"extern\" href=\"http:\/\/schuelerlabor.informatik.rwth-aachen.de\/fragebogenapp\/index.html\"> App <\/a> oder eine Anforderung per Mail an <a class=\"mail\" href=\"mai&#108;&#116;&#111;&#x3a;&#x6c;&#x65;&#x62;&#x69;&#x61;c&#64;m&#97;&#116;&#104;&#97;&#x2e;&#x72;&#x77;&#x74;&#x68;&#x2d;aac&#104;&#101;&#110;&#x2e;&#x64;&#x65;\">&#108;&#x65;&#98;&#x69;a&#x63;&#64;&#109;&#x61;&#116;&#x68;&#97;&#x2e;r&#x77;t&#104;&#x2d;&#97;&#x61;c&#x68;e&#x6e;&#x2e;&#100;&#x65;<\/a> f\u00fcr den App-Donwload.<\/li><li>Beobachtungsbogen zum Downloaden als PDF oder Excel-Datei: <a class=\"intern\" href=\"http:\/\/www.lebiac.rwth-aachen.de\/wp-content\/uploads\/2018\/08\/Beobachtungsbogen09082018.pdf\">PDF <\/a> oder <a class=\"intern\" href=\"http:\/\/www.lebiac.rwth-aachen.de\/wp-content\/uploads\/2018\/08\/Beobachtungsbogen09082018.xlsx\"> Excel<\/a><\/li><li>Checkliste zum Downloaden als PDF oder Word-Datei:<a class=\"intern\" href=\"http:\/\/www.lebiac.rwth-aachen.de\/wp-content\/uploads\/2018\/08\/Checkliste_lebiac.pdf\">PDF <\/a> oder <a class=\"intern\" href=\"http:\/\/www.lebiac.rwth-aachen.de\/wp-content\/uploads\/2018\/08\/Checkliste.docx\"> Word<\/a><\/li><\/ul>\n\n\n\n<h2>Kontakt<\/h2>\n\n\n\n<p><strong>Teilprojekt-Leitung: <\/strong><br>Herr <a href=\"http:\/\/learntech.rwth-aachen.de\/cms\/LearnTech\/Das-Lehr-und-Forschungsgebiet\/Mitarbeiter\/Institutsleitung\/~jxqe\/Ulrik-Schroeder\/?allou=1\">Prof. Dr. Ulrik Schroeder<\/a> <br>Tel.:+49 241 80 21931 <br>Mail: schroeder[at]informatik.rwth-aachen.de<\/p>\n","protected":false},"excerpt":{"rendered":"<p>Als ein Element der Professionalisierung von Lehramtsstudierenden an der RWTH Aachen sind im Rahmen des LeBiAC-Teilprojekts II.2 in den F\u00e4chern Mathematik, Informatik, Physik, Biologie\/Chemie, Gesellschaftswissenschaften und Wirtschaft jeweils eigene &#8222;Lehr-Lern-Labore&#8220; <a class=\"more-link\" href=\"https:\/\/www.lebiac.rwth-aachen.de\/?page_id=211\">Continue Reading \u2192<\/a><\/p>\n","protected":false},"author":2,"featured_media":0,"parent":20,"menu_order":1,"comment_status":"closed","ping_status":"closed","template":"","meta":[],"_links":{"self":[{"href":"https:\/\/www.lebiac.rwth-aachen.de\/index.php?rest_route=\/wp\/v2\/pages\/211"}],"collection":[{"href":"https:\/\/www.lebiac.rwth-aachen.de\/index.php?rest_route=\/wp\/v2\/pages"}],"about":[{"href":"https:\/\/www.lebiac.rwth-aachen.de\/index.php?rest_route=\/wp\/v2\/types\/page"}],"author":[{"embeddable":true,"href":"https:\/\/www.lebiac.rwth-aachen.de\/index.php?rest_route=\/wp\/v2\/users\/2"}],"replies":[{"embeddable":true,"href":"https:\/\/www.lebiac.rwth-aachen.de\/index.php?rest_route=%2Fwp%2Fv2%2Fcomments&post=211"}],"version-history":[{"count":56,"href":"https:\/\/www.lebiac.rwth-aachen.de\/index.php?rest_route=\/wp\/v2\/pages\/211\/revisions"}],"predecessor-version":[{"id":1945,"href":"https:\/\/www.lebiac.rwth-aachen.de\/index.php?rest_route=\/wp\/v2\/pages\/211\/revisions\/1945"}],"up":[{"embeddable":true,"href":"https:\/\/www.lebiac.rwth-aachen.de\/index.php?rest_route=\/wp\/v2\/pages\/20"}],"wp:attachment":[{"href":"https:\/\/www.lebiac.rwth-aachen.de\/index.php?rest_route=%2Fwp%2Fv2%2Fmedia&parent=211"}],"curies":[{"name":"wp","href":"https:\/\/api.w.org\/{rel}","templated":true}]}}