{"id":238,"date":"2017-02-16T12:39:04","date_gmt":"2017-02-16T11:39:04","guid":{"rendered":"http:\/\/www.lebiac.rwth-aachen.de\/?page_id=238"},"modified":"2019-07-04T12:41:26","modified_gmt":"2019-07-04T10:41:26","slug":"ii-4-a-sprecherziehung-und-schreibwerkstatt","status":"publish","type":"page","link":"https:\/\/www.lebiac.rwth-aachen.de\/?page_id=238","title":{"rendered":"Schreiben"},"content":{"rendered":"\n<figure class=\"wp-block-image\"><a href=\"http:\/\/www.lebiac.rwth-aachen.de\/wp-content\/uploads\/2018\/03\/Schreiben.jpg\"><img loading=\"lazy\" width=\"750\" height=\"500\" src=\"http:\/\/www.lebiac.rwth-aachen.de\/wp-content\/uploads\/2018\/03\/Schreiben.jpg\" alt=\"Schreibwerkstatt\" class=\"wp-image-1301\" srcset=\"https:\/\/www.lebiac.rwth-aachen.de\/wp-content\/uploads\/2018\/03\/Schreiben.jpg 750w, https:\/\/www.lebiac.rwth-aachen.de\/wp-content\/uploads\/2018\/03\/Schreiben-150x100.jpg 150w, https:\/\/www.lebiac.rwth-aachen.de\/wp-content\/uploads\/2018\/03\/Schreiben-300x200.jpg 300w, https:\/\/www.lebiac.rwth-aachen.de\/wp-content\/uploads\/2018\/03\/Schreiben-360x240.jpg 360w\" sizes=\"(max-width: 750px) 100vw, 750px\" \/><\/a><\/figure>\n\n\n\n<p>Das Angebot richtet sich in erster Linie an Studierende, die Schwierigkeiten beim Verfassen wissenschaftlicher Texte und\/oder bei der m\u00fcndlichen Pr\u00e4sentation haben. Es sollen grundlegende F\u00e4higkeiten vermittelt werden, angefangen bei der Rechtschreibung und Zeichensetzung \u00fcber den logischen Aufbau sowie \u00fcber die argumentative Strukturierung von Texten bis hin zur m\u00fcndlichen Pr\u00e4sentation erworbenen Wissens.<\/p>\n\n\n\n<hr class=\"wp-block-separator\"\/>\n\n\n\n<h2>Veranstaltungen<\/h2>\n\n\n\n<h4>Prokrastination und Schreibblockaden \u00fcberwinden<\/h4>\n\n\n\n<p>In diesem Workshop werden unterschiedliche Techniken zur Strukturierung des individuellen Zeitvolumens (Zeitmanagement) und zur \u00dcberwindung von Schreibblockaden vorgestellt. Weitere Informationen finden Sie <a class=\"intern\" href=\"http:\/\/www.lebiac.rwth-aachen.de\/?page_id=1170\">hier<\/a>.<\/p>\n\n\n\n<h4>Formulierungstraining<\/h4>\n\n\n\n<p>In diesem Workshop werden diverse Probleme im Bereich des Formulierens wissenschaftlicher Texte diskutiert; zudem wird praktisch erprobt, wie sich Formulierungsschw\u00e4chen im Vorfeld vermeiden und im Textprodukt ausfindig machen und beheben lassen. Weitere Informationen finden Sie <a class=\"intern\" href=\"http:\/\/www.lebiac.rwth-aachen.de\/?page_id=1173\">hier<\/a>.<\/p>\n\n\n\n<h4>Wissenschaftliche Texte verstehen und produzieren<\/h4>\n\n\n\n<p>In diesem Workshop werden unterschiedliche Techniken und Strategien vorgestellt, die das Erarbeiten von Fachliteratur und das Verfassen wissenschaftlicher Texte erleichtern k\u00f6nnen. Weitere Informationen finden Sie <a class=\"intern\" href=\"http:\/\/www.lebiac.rwth-aachen.de\/?page_id=1220\">hier<\/a>.<\/p>\n\n\n\n<hr class=\"wp-block-separator\"\/>\n\n\n\n<h2>Kontakt<\/h2>\n\n\n\n<p><strong>Teilprojektmitarbeiterin:<\/strong> <br>Frau <a href=\"http:\/\/www.isk.rwth-aachen.de\/k_beckers\">Dr. Katrin Beckers<\/a> <br>Tel.:+49 241 80 96186 <br>Mail: k.beckers[at]isk.rwth-aachen.de<\/p>\n","protected":false},"excerpt":{"rendered":"<p>Das Angebot richtet sich in erster Linie an Studierende, die Schwierigkeiten beim Verfassen wissenschaftlicher Texte und\/oder bei der m\u00fcndlichen Pr\u00e4sentation haben. Es sollen grundlegende F\u00e4higkeiten vermittelt werden, angefangen bei der <a class=\"more-link\" href=\"https:\/\/www.lebiac.rwth-aachen.de\/?page_id=238\">Continue Reading \u2192<\/a><\/p>\n","protected":false},"author":2,"featured_media":0,"parent":236,"menu_order":0,"comment_status":"closed","ping_status":"closed","template":"","meta":[],"_links":{"self":[{"href":"https:\/\/www.lebiac.rwth-aachen.de\/index.php?rest_route=\/wp\/v2\/pages\/238"}],"collection":[{"href":"https:\/\/www.lebiac.rwth-aachen.de\/index.php?rest_route=\/wp\/v2\/pages"}],"about":[{"href":"https:\/\/www.lebiac.rwth-aachen.de\/index.php?rest_route=\/wp\/v2\/types\/page"}],"author":[{"embeddable":true,"href":"https:\/\/www.lebiac.rwth-aachen.de\/index.php?rest_route=\/wp\/v2\/users\/2"}],"replies":[{"embeddable":true,"href":"https:\/\/www.lebiac.rwth-aachen.de\/index.php?rest_route=%2Fwp%2Fv2%2Fcomments&post=238"}],"version-history":[{"count":20,"href":"https:\/\/www.lebiac.rwth-aachen.de\/index.php?rest_route=\/wp\/v2\/pages\/238\/revisions"}],"predecessor-version":[{"id":1597,"href":"https:\/\/www.lebiac.rwth-aachen.de\/index.php?rest_route=\/wp\/v2\/pages\/238\/revisions\/1597"}],"up":[{"embeddable":true,"href":"https:\/\/www.lebiac.rwth-aachen.de\/index.php?rest_route=\/wp\/v2\/pages\/236"}],"wp:attachment":[{"href":"https:\/\/www.lebiac.rwth-aachen.de\/index.php?rest_route=%2Fwp%2Fv2%2Fmedia&parent=238"}],"curies":[{"name":"wp","href":"https:\/\/api.w.org\/{rel}","templated":true}]}}