{"id":241,"date":"2017-02-16T12:40:17","date_gmt":"2017-02-16T11:40:17","guid":{"rendered":"http:\/\/www.lebiac.rwth-aachen.de\/?page_id=241"},"modified":"2022-09-13T15:58:49","modified_gmt":"2022-09-13T13:58:49","slug":"ii-4-b-medieneinsatz","status":"publish","type":"page","link":"https:\/\/www.lebiac.rwth-aachen.de\/?page_id=241","title":{"rendered":"Digitale Medien"},"content":{"rendered":"\n<div style=\"float: left; margin-right: 15px; margin-bottom: 10px;\"><figure><figure><a href=\"http:\/\/www.lebiac.rwth-aachen.de\/wp-content\/uploads\/2022\/02\/big_table_work_5-1-scaled.jpg\"><img loading=\"lazy\" class=\"alignnone size-full wp-image-1300\" src=\"http:\/\/www.lebiac.rwth-aachen.de\/wp-content\/uploads\/2022\/02\/big_table_work_5-1-scaled.jpg\" alt=\"Medieneinsatz\" width=\"300\" height=\"400\"><\/a><\/figure><\/figure><\/div>\n\n\n\n<p>Die Bedeutung der Digitalisierung und Mediatisierung auf nahezu alle Lebensbereiche \u2013 von der Wirtschaft zur Politik und den kulturellen Bereich bis ins private Leben \u2013 ist weitreichend und tr\u00e4gt zu gesamtgesellschaftlichen Ver\u00e4nderungen bei. Diese Ver\u00e4nderungen betreffen auch stark den schulischen Bereich. Die aktuellen technischen und auch gesellschaftlichen Entwicklungen \u2013 Stichwort Corona und pandemische Bedingungen an Schulen \u2013 zeigen weiterhin die Relevanz des Themas digitale Medien in schulischen Kontexten auf und die dringende Notwendigkeit angehende Lehrkr\u00e4fte in diesem Bereich zu schulen.<\/p>\n\n\n\n<p>Aus diesem Grund werden erg\u00e4nzend zu den medienbezogenen Lehrveranstaltungen im bildungswissenschaftlichen Studium im Rahmen des f\u00e4cher\u00fcbergreifenden Professionalisierungsbereichs entsprechende Lehrangebote zum Medieneinsatz in der Schule gemacht.<\/p>\n\n\n\n<p>Im Rahmen dieser Workshops, die sowohl an Lehramtsstudierende des Bachelor- und des Masterstudiengangs als auch Studierende des auslaufenden Staatsexamens adressiert sind, werden den Teilnehmer\/-innen anhand von praktischen Beispielen und eigenst\u00e4ndigen Erprobungen jene F\u00e4higkeiten vermittelt, die f\u00fcr den schulischen Einsatz notwendig sind. Die F\u00f6rderung medienp\u00e4dagogischer und mediendidaktischer Kompetenzen stehen dabei im Einklang.<\/p>\n\n\n\n<p>Im Mittelpunkt steht der Umgang mit relevanten digitalen Medien, hierzu z\u00e4hlen beispielsweise interaktive Whiteboards, Tablets sowie in diesem Kontext relevante BYOD-Konzepte. Es wird vermittelt, wie diese zielf\u00fchrend eingesetzt werden k\u00f6nnen, um in heterogenen Klassen und Settings h\u00f6here Lernerfolge zu erzielen.<\/p>\n\n\n\n<div style=\"float: right; margin-right: 15px; margin-bottom: 10px;\"><figure><figure><a href=\"http:\/\/www.lebiac.rwth-aachen.de\/wp-content\/uploads\/2022\/02\/video_1-2-scaled.jpg\"><img loading=\"lazy\" class=\"alignnone size-full wp-image-1300\" src=\"http:\/\/www.lebiac.rwth-aachen.de\/wp-content\/uploads\/2022\/02\/video_1-2-scaled.jpg\" alt=\"Medieneinsatz\" width=\"210\" height=\"280\"><\/a><\/figure><\/figure><\/div>\n\n\n\n<p>Ebenso werden aktuelle Ph\u00e4nomene im Bereich digitale Medien angesprochen, wie Cybermobbing oder auch Fake News, dabei sollen den zuk\u00fcnftigen Lehrenden Hilfestellungen im Umgang mit solchen Themen gegeben werden. <\/p>\n\n\n\n<p>  <\/p>\n\n\n\n<p>   <\/p>\n\n\n\n<p>Der zeitliche Umfang dieser fakultativen Workshops f\u00e4llt zeitlich deutlich k\u00fcrzer aus als klassische Seminare und sind als Einzelstunden geplant, um es allen Studierenden zu erm\u00f6glichen, in Form von Crashkursen handlungspraktische Erfahrungen zu sammeln. Erg\u00e4nzend zu den genannten T\u00e4tigkeiten geht es auch darum, den Bedarf auf Seiten der Studierenden regelm\u00e4\u00dfig zu ermitteln, um das Angebot an Veranstaltungen permanent zu aktualisieren und auch beispielsweise der aktuellen Lage \u2013 Stichwort Homeschooling \u2013 gerecht zu werden.<\/p>\n\n\n\n<p><\/p>\n\n\n\n<p> <\/p>\n\n\n\n<hr class=\"wp-block-separator\"\/>\n\n\n\n<h3>LeBiAC &#8211; Beispiele der Workshops zu digitalen Medien<br><\/h3>\n\n\n\n<ul><li><strong>Hate Speech:<\/strong> Dieser Workshop ist ein Angebot, um sich mit dem Ph\u00e4nomen Hate Speech auseinanderzusetzen. Die Fragen \u201eWas ist Hate Speech? Wo begegnet mir Hate Speech? Was ist Gruppenbezogene Menschenfeindlichkeit im Netz und wie kann ich darauf reagieren?\u201c bilden den Kern des Workshops.<\/li><li><strong>Gamification in der Lehre:<\/strong> Als Gamification wird der Einsatz spielerischer Elemente zur Motivationssteigerung in unterschiedlichen Lehr- und Lernszenarien bezeichnet. Gerade im Bildungssektor ruhen gro\u00dfe Hoffnungen auf diesem Konzept. In diesem Workshop wird der Ansatz vorgestellt, und M\u00f6glichkeiten und Beispiele aufgezeigt spielerische Elemente in den Unterricht einzubauen.<\/li><li><strong><strong>Das Ph\u00e4nomen Cybermobbing<\/strong>:<\/strong> Dieser Workshop setzt sich aus zwei Sitzungen zusammen. Die Teile besch\u00e4ftigen sich mit den Formen\/ Folgen f\u00fcr Opfer und T\u00e4ter, mit Pr\u00e4ventions- und Interventionsma\u00dfnahmen sowie mit praktischen \u00dcbungen f\u00fcr den Projektunterricht.<\/li><li><strong>Lehren und Lernen mit Erkl\u00e4r-\/Lernvideos:<\/strong> Dieser Workshop kl\u00e4rt \u00fcber unterschiedliche Formate von Erkl\u00e4r-\/ bzw. Lernvideos auf und gibt Hinweise f\u00fcr die Integration in den Unterricht. Ebenso dient der Workshop dazu, praktische Anwendungsbeispiele aufzuzeigen und Raum zu schaffen sich auszuprobieren.<\/li><\/ul>\n\n\n\n<p><\/p>\n\n\n\n<h3>Aktuelle Workshops:<\/h3>\n\n\n\n<p><\/p>\n\n\n\n<p>Eine \u00dcbersicht \u00fcber die Workshops im WiSe 2022\/23 finden Sie <a href=\"http:\/\/www.lebiac.rwth-aachen.de\/wp-content\/uploads\/2022\/09\/Newsletter-Workshops_WiSe22_23FINAL.pdf\">hier<\/a>. <\/p>\n\n\n\n<p><\/p>\n\n\n\n<p><\/p>\n\n\n\n<hr class=\"wp-block-separator\"\/>\n\n\n\n<h2>Kontakt<\/h2>\n\n\n\n<p><strong>Teilprojekt-Leitung:<\/strong><br>Herr  <a href=\"http:\/\/www.ezw.rwth-aachen.de\/cms\/EZW\/Das-Institut\/Professuren-i\/Allgemeine-Didaktik-mit-dem-Schwerpunkt\/Team\/~ekhu\/Univ-Prof-Dr-Sven-Kommer\/?lidx=1&amp;allou=1\">Prof. Dr. phil. Sven Kommer<\/a> <br>Tel.:  +49 241 80 93542 <br> Mail:  sven.kommer[at]rwth-aachen.de  <br><br><strong>Teilprojektmitarbeiterin:<br><\/strong>Frau <a href=\"http:\/\/www.ezw.rwth-aachen.de\/cms\/EZW\/Das-Institut\/Professuren-i\/Allgemeine-Didaktik-mit-dem-Schwerpunkt\/Team\/~sjpc\/Deborah-Hennig\/lidx\/1\/\">Deborah Hennig<\/a><br>Tel.: +49 241 80 93596<br>Mail:  professionalisierung.medien[at]rwth-aachen.de <\/p>\n\n\n\n<hr class=\"wp-block-separator\"\/>\n","protected":false},"excerpt":{"rendered":"<p>Die Bedeutung der Digitalisierung und Mediatisierung auf nahezu alle Lebensbereiche \u2013 von der Wirtschaft zur Politik und den kulturellen Bereich bis ins private Leben \u2013 ist weitreichend und tr\u00e4gt zu <a class=\"more-link\" href=\"https:\/\/www.lebiac.rwth-aachen.de\/?page_id=241\">Continue Reading \u2192<\/a><\/p>\n","protected":false},"author":2,"featured_media":0,"parent":236,"menu_order":1,"comment_status":"closed","ping_status":"closed","template":"","meta":[],"_links":{"self":[{"href":"https:\/\/www.lebiac.rwth-aachen.de\/index.php?rest_route=\/wp\/v2\/pages\/241"}],"collection":[{"href":"https:\/\/www.lebiac.rwth-aachen.de\/index.php?rest_route=\/wp\/v2\/pages"}],"about":[{"href":"https:\/\/www.lebiac.rwth-aachen.de\/index.php?rest_route=\/wp\/v2\/types\/page"}],"author":[{"embeddable":true,"href":"https:\/\/www.lebiac.rwth-aachen.de\/index.php?rest_route=\/wp\/v2\/users\/2"}],"replies":[{"embeddable":true,"href":"https:\/\/www.lebiac.rwth-aachen.de\/index.php?rest_route=%2Fwp%2Fv2%2Fcomments&post=241"}],"version-history":[{"count":54,"href":"https:\/\/www.lebiac.rwth-aachen.de\/index.php?rest_route=\/wp\/v2\/pages\/241\/revisions"}],"predecessor-version":[{"id":2255,"href":"https:\/\/www.lebiac.rwth-aachen.de\/index.php?rest_route=\/wp\/v2\/pages\/241\/revisions\/2255"}],"up":[{"embeddable":true,"href":"https:\/\/www.lebiac.rwth-aachen.de\/index.php?rest_route=\/wp\/v2\/pages\/236"}],"wp:attachment":[{"href":"https:\/\/www.lebiac.rwth-aachen.de\/index.php?rest_route=%2Fwp%2Fv2%2Fmedia&parent=241"}],"curies":[{"name":"wp","href":"https:\/\/api.w.org\/{rel}","templated":true}]}}