{"id":249,"date":"2017-02-16T12:44:33","date_gmt":"2017-02-16T11:44:33","guid":{"rendered":"http:\/\/www.lebiac.rwth-aachen.de\/?page_id=249"},"modified":"2019-07-04T12:03:05","modified_gmt":"2019-07-04T10:03:05","slug":"iii-2-beratung-und-begleitung-von-lehramtsstudierenden","status":"publish","type":"page","link":"https:\/\/www.lebiac.rwth-aachen.de\/?page_id=249","title":{"rendered":"Beratung und Begleitung von Lehramtsstudierenden"},"content":{"rendered":"\n<figure class=\"wp-block-image\"><a href=\"http:\/\/www.lebiac.rwth-aachen.de\/wp-content\/uploads\/2018\/03\/Beratung.jpg\"><img loading=\"lazy\" width=\"750\" height=\"500\" src=\"http:\/\/www.lebiac.rwth-aachen.de\/wp-content\/uploads\/2018\/03\/Beratung.jpg\" alt=\"Beratung und Begleitung von Lehramtsstudierenden\" class=\"wp-image-1299\" srcset=\"https:\/\/www.lebiac.rwth-aachen.de\/wp-content\/uploads\/2018\/03\/Beratung.jpg 750w, https:\/\/www.lebiac.rwth-aachen.de\/wp-content\/uploads\/2018\/03\/Beratung-150x100.jpg 150w, https:\/\/www.lebiac.rwth-aachen.de\/wp-content\/uploads\/2018\/03\/Beratung-300x200.jpg 300w, https:\/\/www.lebiac.rwth-aachen.de\/wp-content\/uploads\/2018\/03\/Beratung-360x240.jpg 360w\" sizes=\"(max-width: 750px) 100vw, 750px\" \/><\/a><\/figure>\n\n\n\n<p>Ziel des Projektes \u201eBr\u00fccken Peers\u201c ist es, die ersten Ans\u00e4tze von Peer-Beratung zu einem leistungsf\u00e4higen Programm individueller Begleitung von Lehramtsstudierenden durch Lehramtsstudierende auszubauen, das die Vielfalt und Komplexit\u00e4t des Lehramtsstudiums ad\u00e4quat abbildet.<\/p>\n\n\n\n<p>Im Rahmen der F\u00f6rderung erweitern Lehramtsstudierende h\u00f6herer Fachsemester nach entsprechender Qualifizierung ma\u00dfgeblich die Beratung und Begleitung von Lehramtsstudierenden. Die Auswahl der Peer-Studierenden orientiert sich insbesondere auch an den unterschiedlichen Studienkonstellationen (F\u00e4cher-Lehramt-Kombinationen). Damit erm\u00f6glicht die RWTH Aachen allen Lehramtsstudierenden zumindest w\u00e4hrend der Studieneinstiegsphase die Begleitung durch einen Peer-Studierenden, der hinsichtlich der Studiensituation bestm\u00f6glich passt. Die Erfahrungen der Peer-Studierenden flie\u00dfen in die Weiterentwicklung der Lehramtsstudieng\u00e4nge und die Verbesserung der Studienbedingungen ein.<\/p>\n\n\n\n<h2>Kontakt<\/h2>\n\n\n\n<p><strong>Teilprojektwebsite: <\/strong><a href=\"https:\/\/www.lbz.rwth-aachen.de\/aw\/cms\/website\/themen\/LehramtBachelorMaster\/LA-BA\/~tvr\/brueckenpeers\/?lang=de\">Die Br\u00fccken Peers<\/a><\/p>\n","protected":false},"excerpt":{"rendered":"<p>Ziel des Projektes \u201eBr\u00fccken Peers\u201c ist es, die ersten Ans\u00e4tze von Peer-Beratung zu einem leistungsf\u00e4higen Programm individueller Begleitung von Lehramtsstudierenden durch Lehramtsstudierende auszubauen, das die Vielfalt und Komplexit\u00e4t des Lehramtsstudiums <a class=\"more-link\" href=\"https:\/\/www.lebiac.rwth-aachen.de\/?page_id=249\">Continue Reading \u2192<\/a><\/p>\n","protected":false},"author":2,"featured_media":0,"parent":22,"menu_order":1,"comment_status":"closed","ping_status":"closed","template":"","meta":[],"_links":{"self":[{"href":"https:\/\/www.lebiac.rwth-aachen.de\/index.php?rest_route=\/wp\/v2\/pages\/249"}],"collection":[{"href":"https:\/\/www.lebiac.rwth-aachen.de\/index.php?rest_route=\/wp\/v2\/pages"}],"about":[{"href":"https:\/\/www.lebiac.rwth-aachen.de\/index.php?rest_route=\/wp\/v2\/types\/page"}],"author":[{"embeddable":true,"href":"https:\/\/www.lebiac.rwth-aachen.de\/index.php?rest_route=\/wp\/v2\/users\/2"}],"replies":[{"embeddable":true,"href":"https:\/\/www.lebiac.rwth-aachen.de\/index.php?rest_route=%2Fwp%2Fv2%2Fcomments&post=249"}],"version-history":[{"count":15,"href":"https:\/\/www.lebiac.rwth-aachen.de\/index.php?rest_route=\/wp\/v2\/pages\/249\/revisions"}],"predecessor-version":[{"id":1578,"href":"https:\/\/www.lebiac.rwth-aachen.de\/index.php?rest_route=\/wp\/v2\/pages\/249\/revisions\/1578"}],"up":[{"embeddable":true,"href":"https:\/\/www.lebiac.rwth-aachen.de\/index.php?rest_route=\/wp\/v2\/pages\/22"}],"wp:attachment":[{"href":"https:\/\/www.lebiac.rwth-aachen.de\/index.php?rest_route=%2Fwp%2Fv2%2Fmedia&parent=249"}],"curies":[{"name":"wp","href":"https:\/\/api.w.org\/{rel}","templated":true}]}}