{"id":251,"date":"2017-02-16T12:45:23","date_gmt":"2017-02-16T11:45:23","guid":{"rendered":"http:\/\/www.lebiac.rwth-aachen.de\/?page_id=251"},"modified":"2023-01-31T08:51:12","modified_gmt":"2023-01-31T07:51:12","slug":"iii-3-koordination-der-lehrerbildung-von-der-ausbildung-bis-zum-lebenslangen-lernen","status":"publish","type":"page","link":"https:\/\/www.lebiac.rwth-aachen.de\/?page_id=251","title":{"rendered":"Koordination der Lehrerfortbildung"},"content":{"rendered":"\n<p>Im Rahmen des LeBiAC-2-Teilprojekts \u201eLehrerfortbildungen und Fachtagungen&#8220; wird der Bereich Lehrerfortbildungen an der RWTH organisatorisch und konzeptionell vorangebracht und insgesamt gest\u00e4rkt. Zielsetzung sind insbesondere die nachhaltige Systematisierung und \u00fcberregionale Sichtbarkeit.<\/p>\n\n\n\n<p>Dazu werden bestehende Angebote der Lehrerfortbildung systematisch begleitet, Verbesserungspotenzial aufgesp\u00fcrt und Synergieeffekte genutzt. In Absprache mit allen Akteuren der Lehreraus- und -fortbildung werden gemeinsame Ma\u00dfnahmen zur Durchf\u00fchrung und Bewerbung von Fortbildungsveranstaltungen an der RWTH entwickelt. So wird erstens Expertise in der Organisation von Fortbildungen und Tagungen aufgebaut, zweitens wird mit einer einheitlichen Au\u00dfendarstellung die St\u00e4rke der Aachener RWTH im Bereich der universit\u00e4ren Lehreraus- und -fortbildung f\u00fcr Studierende, Lehrkr\u00e4fte sowie andere Bildungsakteuren deutlich, drittens werden durch systematische Evaluationen allgemeine Gelingensbedingungen herauskristallisiert und weitere Erkenntnisse \u00fcber die Zielgruppen gewonnen.<\/p>\n\n\n<p>Im Rahmen des Projekts wird der j\u00e4hrliche Aachener Didaktiktag unterst\u00fctzt und weiterentwickelt; zu den Highlights z\u00e4hlen auch die Lehrerfortbildungstage Mathematik.<\/p>\n<p>Neu konzipiert wurden das im Januar 2020 gemeinsam mit dem Kompetenzzentrum MINT-L^4 durchgef\u00fchrte Symposium zur Rolle der Mathematik in den INT-F\u00e4chern sowie als dauerhaftes Format der Aachener Schul-Hochschul-Fachtag (erstmals im Januar 2021). Bedarfsorientiert und diese Formate erg\u00e4nzend sind weitere Unternehmungen auf dem Weg, insbesondere werden \u2013 auch mit Blick auf die Nachhaltigkeit und Reichweite \u2013 Sondierungsgespr\u00e4che f\u00fcr ein gr\u00f6\u00dferes Angebot mit anderen Hochschulen gef\u00fchrt.<\/p>\n<p>Auf neuere Entwicklungen und unvorhergesehene Wendungen (etwa die Pandemie-Konsequenzen ab April 2020) konnte erfolgreich und ohne Ma\u00dfnahmenentfall reagiert werden.<\/p>\n\n\n<h2> Kontakt <\/h2>\n\n\n\n<p><strong>Teilprojekt-Leitung:<\/strong><br>Frau <a href=\"http:\/\/www.didaktik.matha.rwth-aachen.de\/de\/mitarbeiter\/heitzer\/index.html\">Prof. Dr. Johanna Heitzer<\/a><br>Tel.:  +49&nbsp;241&nbsp;80-97072 <br>Mail:  johanna.heitzer[at]matha.rwth-aachen.de  <\/p>\n\n\n\n<p><strong>Teilprojektmitarbeiter:<\/strong><br>Herr <a href=\"http:\/\/www.didaktik.matha.rwth-aachen.de\/de\/mitarbeiter\/merkschien\/index.html\">Phil Merkschien<\/a><br>Tel.:  +49&nbsp;241&nbsp;80-97089 <br>Mail:  phil.merkschien[at]matha.rwth-aachen.de <\/p>\n\n\n\n<p><br><br><br><\/p>\n\n\n\n<h1 class=\"has-huge-font-size\">Veranstaltungen <\/h1>\n\n\n\n<p><strong>Aachener Schul-Hochschul-Fachtag am 06. Januar 2023<\/strong><\/p>\n\n\n\n<p class=\"has-black-color has-text-color\"><a>Am Dreik\u00f6nigstag hat zum dritten Mal der Aachener Schul-Hochschul-Fachtag stattgefunden, an dem ca. 30 Teilnehmende in f\u00fcnf mehrst\u00fcndigen Working Sessions an aktuellen unterrichtsrelevanten Themen gearbeitet haben. Dabei wurden in praktischen Arbeitsphasen gemeinsam konkrete Unterrichtsmaterialien oder au\u00dferunterrichtliche Schulprojekte erprobt, diskutiert oder entwickelt.\u00a0<\/a><\/p>\n\n\n\n<p>Weitere Informationen zur Veranstaltung finden Sie <a href=\"https:\/\/www.lbz.rwth-aachen.de\/schul-hochschul-fachtag\">hier<\/a>.<\/p>\n\n\n\n<p>Kontakt: Phil Merkschien, <a href=\"&#x6d;&#x61;&#x69;&#x6c;&#x74;&#x6f;&#x3a;&#x70;&#x68;&#x69;&#x6c;&#x2e;&#x6d;&#x65;&#x72;&#x6b;&#x73;&#x63;&#x68;&#x69;&#x65;&#x6e;&#x40;&#x6d;&#x61;&#x74;&#x68;&#x61;&#x2e;&#x72;&#x77;&#x74;&#x68;&#x2d;&#x61;&#x61;&#x63;&#x68;&#x65;&#x6e;&#x2e;&#x64;&#x65;\">phil.merkschien[at]matha.rwth-aachen.de<\/a><\/p>\n\n\n\n<hr class=\"wp-block-separator\"\/>\n\n\n\n<p><strong>Aachener Didaktiktag am 24. und 25. November 2022<\/strong><\/p>\n\n\n\n<p>\u201eBildung f\u00fcr nachhaltige Entwicklung: Kompetenzen f\u00fcr eine Welt mit Zukunft\u201c war der Titel des Aachener Didaktiktages 2022. Das abwechslungsreiche Tagungsprogramm startete am Donnerstagabend mit einer Online-Keynote in der Zeit von 18:00 bis 20:00 Uhr. Am Freitag wurde der Didaktiktag in Form von Pr\u00e4senz-Workshops in der Zeit von 11:00 bis 16:30 Uhr fortgef\u00fchrt.<\/p>\n\n\n\n<p>Weitere Informationen zur Veranstaltung finden Sie&nbsp;<a href=\"https:\/\/www.lbz.rwth-aachen.de\/cms\/LBZ\/Forschung\/Forschungskooperation\/Aachener-Didaktiktag\/~fkcyt\/Aachener-Didaktiktag-2021\/\">hier<\/a>.<\/p>\n\n\n\n<p>Veranstaltungsorganisation:&nbsp;<a href=\"https:\/\/www.lbz.rwth-aachen.de\/cms\/LBZ\/Forschung\/Forschungskooperation\/~qqyu\/Fachdidaktik-Forum\/\">FachdidaktikForum<\/a>&nbsp;am Lehrerbildungszentrum der RWTH Aachen<br>Kontakt: Cornelia Dieckmann,&nbsp;<a href=\"&#x6d;&#x61;&#x69;&#x6c;&#x74;&#x6f;&#x3a;&#x64;&#x69;&#x65;&#x63;&#x6b;&#x6d;&#x61;&#x6e;&#x6e;&#x40;&#x6c;&#x62;&#x7a;&#x2e;&#x72;&#x77;&#x74;&#x68;&#x2d;&#x61;&#x61;&#x63;&#x68;&#x65;&#x6e;&#x2e;&#x64;&#x65;\">dieckmann[at]lbz.rwth-aachen.de<\/a><\/p>\n\n\n\n<p><\/p>\n\n\n\n<p><\/p>\n\n\n\n<p><\/p>\n\n\n\n<p><\/p>\n\n\n\n<p><br><br><br><\/p>\n\n\n\n<h1 class=\"has-huge-font-size\">Fr\u00fchere Veranstaltungen <\/h1>\n\n\n\n<p><strong>Mathematik f\u00fcr die Welt \u2013 Vortragsreihe des ABCMMaths-Projekts<\/strong><strong><\/strong><\/p>\n\n\n\n<p><strong>\u201eMai Donnerstage\u201c (05.05., 12.05., 19.05., 02.06.)<\/strong><strong><\/strong><\/p>\n\n\n\n<p>Mathematikdidaktiker*innen der Universit\u00e4ten Aachen, Bonn, K\u00f6ln und Mainz starteten mit dieser Vortragsreihe an der RWTH in ein gemeinsames Lehrkr\u00e4ftefortbildungsprojekt. Dabei soll die Rolle mathematischer Bildung vor dem Hintergrund aktueller Menschheitsherausforderungen neu ausgelotet werden. Konzeptionell spielen Mehrperspektivit\u00e4t und die Zweifachlichkeit der Teilnehmenden eine zentrale Rolle.<\/p>\n\n\n\n<p>Weitere Informationen zur Veranstaltung finden Sie&nbsp;<a href=\"https:\/\/www.mathematik.rwth-aachen.de\/abcmmaths\">hier<\/a>.<\/p>\n\n\n\n<p>Kontakt: Phil Merkschien,&nbsp;<a rel=\"noreferrer noopener\" href=\"&#x6d;&#x61;&#x69;&#108;&#116;o:&#x70;&#x68;&#x69;&#108;&#46;me&#x72;&#x6b;&#x73;&#99;&#104;ie&#x6e;&#x40;&#x6d;&#97;&#116;ha&#x2e;&#x72;&#x77;&#116;&#104;-a&#x61;&#x63;&#x68;&#101;&#110;&#46;d&#x65;\" target=\"_blank\">phil.merkschien[at]matha.rwth-aachen.de<\/a><\/p>\n\n\n\n<hr class=\"wp-block-separator\"\/>\n\n\n\n<p><strong><strong><strong>Aachener Schul-Hochschul-Fachtag am 6. Januar 202<\/strong>2 <\/strong> <\/strong><\/p>\n\n\n\n<p>Noch in den Schulferien haben ca. 40 engagierte Hochschuldozierende, Lehrkr\u00e4fte sowie Studierende am zweiten Aachener Schul-Hochschul-Fachtag teilgenommen und sich online in vier mehrst\u00fcndigen Working Sessions zu einem unterrichtsrelevanten Thema ausgetauscht.<\/p>\n\n\n\n<p>Weitere Informationen zur Veranstaltung finden Sie <a href=\"https:\/\/www.lbz.rwth-aachen.de\/cms\/LBZ\/Forschung\/Forschungskooperation\/Aachener-Schul-Hochschul-Fachtag\/~rnvxt\/Aachener-Schul-Hochschul-Fachtag\/\">hier<\/a>. <\/p>\n\n\n\n<p>Den Flyer zur Veranstaltung finden Sie <a href=\"http:\/\/www.lebiac.rwth-aachen.de\/wp-content\/uploads\/2021\/11\/Flyer_SHF20222.pdf\">hier<\/a>. <\/p>\n\n\n\n<p>Kontakt<strong>: <\/strong>Phil Merkschien, <a href=\"&#x6d;&#97;&#105;l&#x74;&#x6f;&#58;p&#x68;&#x69;&#108;&#46;&#x6d;&#x65;&#114;k&#x73;&#x63;&#104;i&#x65;&#x6e;&#64;m&#x61;&#x74;&#104;&#97;&#46;&#x72;&#x77;&#116;h&#x2d;&#x61;&#97;c&#x68;&#x65;&#110;&#46;&#x64;&#x65;\">phil.merkschien[at]matha.rwth-aachen.de<\/a> <\/p>\n\n\n\n<hr class=\"wp-block-separator\"\/>\n\n\n\n<p><strong>A<strong>achener Didaktiktag 2021<\/strong> <strong>am 25. und 26. November 2021<\/strong>  <\/strong><\/p>\n\n\n\n<p>\u201eM\u00fcndigkeit und Haltung: Didaktische Perspektiven auf die gesellschaftliche Verantwortung von Schulen\u201c ist der Titel des Aachener Didaktiktag 2021. Dieser hat am 25. und 26. November 2021 mit ca. 100 Teilnehmenden in Form einer Onlinetagung in Zoom stattgefunden.<\/p>\n\n\n\n<p>Weitere Informationen zur Veranstaltung finden Sie <a href=\"https:\/\/www.lbz.rwth-aachen.de\/cms\/LBZ\/Forschung\/Forschungskooperation\/Aachener-Didaktiktag\/~fkcyt\/Aachener-Didaktiktag-2021\/\">hier<\/a>. <\/p>\n\n\n\n<p>Veranstaltungsorganisation:&nbsp;<a href=\"https:\/\/www.lbz.rwth-aachen.de\/cms\/LBZ\/Forschung\/Forschungskooperation\/~qqyu\/Fachdidaktik-Forum\/\">FachdidaktikForum<\/a>&nbsp;am Lehrerbildungszentrum der RWTH Aachen<br>Kontakt: Jana Zimmermann, <a href=\"mai&#108;&#116;&#111;&#x3a;&#x7a;&#x69;&#x6d;&#x6d;&#x65;rma&#110;&#110;&#64;&#108;&#x62;&#x7a;&#x2e;&#x72;&#x77;&#x74;h-a&#97;&#99;&#104;&#x65;&#x6e;&#x2e;&#x64;&#x65;\">zimmermann[at]lbz.rwth-aachen.de<\/a> <\/p>\n\n\n\n<hr class=\"wp-block-separator\"\/>\n\n\n\n<p><strong>Aachener Schul-Hochschul-Fachtag am 6. Januar 202<\/strong>1<\/p>\n\n\n\n<p>Obwohl aufgrund der Pandemiesituation zwischenzeitlich organisatorische \u00c4nderungen vorgenommen werden mussten, haben am ersten Aachener Schul-Hochschul-Fachtag rund 40 Personen teilgenommen. In mehrst\u00fcndigen Working Sessions haben Lehrkr\u00e4fte, Didaktiker*innen, Studierende sowie weitere Bildungsakteure zusammen intensiv an einem spezifischen Thema aus einem der Bereiche Mathematik, Deutsch, Informatik, Biologie oder Videografie gearbeitet.<br>Neben vorbereiteten Inputs haben die Teilnehmer*innen bei der Erprobung, Diskussion oder Entwicklung konkreter Unterrichtsmaterialien oder au\u00dferunterrichtlicher Schulprojekte mitgewirkt.<\/p>\n\n\n\n<p><br><a href=\"http:\/\/www.lebiac.rwth-aachen.de\/wp-content\/uploads\/2020\/12\/Flyer_Schul-Hochschul-Fachtag_06.01.2021.pdf\">Flyer Aachener Schul-Hochschul-Fachtag am 6.1.2021<\/a><\/p>\n\n\n\n<p>&nbsp;<\/p>\n\n\n\n<hr class=\"wp-block-separator\"\/>\n\n\n\n<p><strong>Aachener Didaktiktag am 12. und 13. November 2020<\/strong><\/p>\n\n\n\n<p>Mit dem Titel&nbsp;<em>\u201eBildung w e i t e r denken! \u2013 Impulse f\u00fcr ein digital gest\u00fctztes Lehren und Lernen\u201c<\/em>&nbsp;und mehr als 200 Teilnehmenden fand am 12. und 13. November 2020 der Aachener Didaktiktag in Form einer Online-Tagung statt.<\/p>\n\n\n\n<p>Mit Beginn der Corona-Pandemie im M\u00e4rz 2020 wurden die Schulen unmittelbar vor die Herausforderung gestellt, den bis dahin als selbstverst\u00e4ndlich empfundenen Pr\u00e4senzunterricht auf digital gest\u00fctztes Distanzlernen umzustellen und f\u00fcr den Austausch mit den Sch\u00fcler*innen alternative Kommunikationswege zu nutzen und zu erproben. Das gro\u00dfe Angebot an Informationen zu digital gest\u00fctzten Lehr- und Lernformaten, das in dieser Zeit in Umlauf gebracht wurde, ist nur ein Hinweis darauf, wie gro\u00df das Potenzial und die M\u00f6glichkeiten zur Ausgestaltung von Lernsituationen sind. Damit verbunden sind unterschiedlichste Erfahrungen in Bezug auf besonders bew\u00e4hrte Formate, aber auch in Hinblick auf n\u00fctzliche Ressourcen und Hilfsmittel. Gleichzeitig stellt sich die Frage, welche Ver\u00e4nderungen langfristig zu einer zeitgem\u00e4\u00dfen Bildung aller Sch\u00fcler*innen beitragen k\u00f6nnen. In diesem Zusammenhang m\u00f6chte der Aachener Didaktiktag 2020 \u201eBildung w e i t e r denken\u201c und im Austausch mit den Fachdidaktiken sowie den Bildungswissenschaften an der RWTH Aachen Impulse f\u00fcr ein digital gest\u00fctztes Lehren und Lernen geben und reflektieren.<\/p>\n\n\n\n<p>Ausf\u00fchrliche Informationen zum Programm finden Sie <a href=\"https:\/\/www.lbz.rwth-aachen.de\/aachener-didaktiktag\">hier<\/a>.&nbsp;<\/p>\n\n\n\n<p>Veranstaltungsorganisation:&nbsp;<a href=\"https:\/\/www.lbz.rwth-aachen.de\/cms\/LBZ\/Forschung\/Forschungskooperation\/~qqyu\/Fachdidaktik-Forum\/\">FachdidaktikForum<\/a>&nbsp;am Lehrerbildungszentrum der RWTH Aachen<br>Kontakt: Jana Zimmermann,&nbsp;<a href=\"&#x6d;&#x61;&#105;&#108;&#116;o&#x3a;&#x7a;&#x69;&#109;&#109;er&#x6d;&#x61;&#x6e;&#110;&#64;l&#x62;&#x7a;&#x2e;&#114;&#119;&#116;h&#x2d;&#x61;&#x61;&#99;&#104;en&#x2e;&#x64;&#x65;\">zimmermann[at]lbz.rwth-aachen.de<\/a><\/p>\n\n\n\n<hr class=\"wp-block-separator\"\/>\n\n\n\n<p><strong>6. Lehrerfortbildungstag Mathematik 2020 an der RWTH Aachen am 31. Oktober 2020<\/strong><\/p>\n\n\n\n<p>Am Samstag, dem 31. Oktober 2020, fand \u2013 ebenfalls kurzfristig auf digitales Format umgestellt \u2013 mit mehr als 100 Teilnehmenden der sechste Lehrerfortbildungstag Mathematik statt. Er stand unter dem Motto \u201eMathematik, die uns alle angeht\u201c.<\/p>\n\n\n\n<p>Zielgruppe sind sowohl Lehrkr\u00e4fte und Lehramtsanw\u00e4rter*innen als auch Studierende sowie weitere Bildungsakteure des Fachs Mathematik.<\/p>\n\n\n\n<p>Neben der Plenumsveranstaltung umfasst das Programm sieben doppelt angebotene Workshops zu aktuellen Themen wie dem Klimawandel, dem<br>Umgang mit FakeNews, dem Einsatz digitaler Werkzeuge oder dem sprachsensiblen Umgang im Mathematikunterricht. Dar\u00fcber hinaus gibt es ausreichend Gelegenheit zu Austausch und Networking.<\/p>\n\n\n\n<p>Weitere Informationen finden Sie <a href=\"http:\/\/didaktik.matha.rwth-aachen.de\/de\/veranstaltungen\/lehrertag2020.html\">hier<\/a>.<\/p>\n\n\n\n<p>Kontakt: Marvin Titz, lehrertag[at]matha.rwth-aachen.de<\/p>\n\n\n\n<div class=\"wp-block-file\"><a href=\"http:\/\/www.lebiac.rwth-aachen.de\/wp-content\/uploads\/2020\/10\/Lehrertag_online_v10_2020.pdf\">Lehrertag_online_v10_2020<\/a><a href=\"http:\/\/www.lebiac.rwth-aachen.de\/wp-content\/uploads\/2020\/10\/Lehrertag_online_v10_2020.pdf\" class=\"wp-block-file__button\" download>Herunterladen<\/a><\/div>\n\n\n\n<hr class=\"wp-block-separator\"\/>\n\n\n\n<p><\/p>\n","protected":false},"excerpt":{"rendered":"<p>Im Rahmen des LeBiAC-2-Teilprojekts \u201eLehrerfortbildungen und Fachtagungen&#8220; wird der Bereich Lehrerfortbildungen an der RWTH organisatorisch und konzeptionell vorangebracht und insgesamt gest\u00e4rkt. Zielsetzung sind insbesondere die nachhaltige Systematisierung und \u00fcberregionale Sichtbarkeit. <a class=\"more-link\" href=\"https:\/\/www.lebiac.rwth-aachen.de\/?page_id=251\">Continue Reading \u2192<\/a><\/p>\n","protected":false},"author":2,"featured_media":0,"parent":22,"menu_order":2,"comment_status":"closed","ping_status":"closed","template":"","meta":[],"_links":{"self":[{"href":"https:\/\/www.lebiac.rwth-aachen.de\/index.php?rest_route=\/wp\/v2\/pages\/251"}],"collection":[{"href":"https:\/\/www.lebiac.rwth-aachen.de\/index.php?rest_route=\/wp\/v2\/pages"}],"about":[{"href":"https:\/\/www.lebiac.rwth-aachen.de\/index.php?rest_route=\/wp\/v2\/types\/page"}],"author":[{"embeddable":true,"href":"https:\/\/www.lebiac.rwth-aachen.de\/index.php?rest_route=\/wp\/v2\/users\/2"}],"replies":[{"embeddable":true,"href":"https:\/\/www.lebiac.rwth-aachen.de\/index.php?rest_route=%2Fwp%2Fv2%2Fcomments&post=251"}],"version-history":[{"count":48,"href":"https:\/\/www.lebiac.rwth-aachen.de\/index.php?rest_route=\/wp\/v2\/pages\/251\/revisions"}],"predecessor-version":[{"id":2267,"href":"https:\/\/www.lebiac.rwth-aachen.de\/index.php?rest_route=\/wp\/v2\/pages\/251\/revisions\/2267"}],"up":[{"embeddable":true,"href":"https:\/\/www.lebiac.rwth-aachen.de\/index.php?rest_route=\/wp\/v2\/pages\/22"}],"wp:attachment":[{"href":"https:\/\/www.lebiac.rwth-aachen.de\/index.php?rest_route=%2Fwp%2Fv2%2Fmedia&parent=251"}],"curies":[{"name":"wp","href":"https:\/\/api.w.org\/{rel}","templated":true}]}}