{"id":255,"date":"2017-02-16T12:47:00","date_gmt":"2017-02-16T11:47:00","guid":{"rendered":"http:\/\/www.lebiac.rwth-aachen.de\/?page_id=255"},"modified":"2019-11-06T09:50:20","modified_gmt":"2019-11-06T08:50:20","slug":"iii-3b-einwerbung-durchfu%cc%88hrung-von-fachtagungen","status":"publish","type":"page","link":"https:\/\/www.lebiac.rwth-aachen.de\/?page_id=255","title":{"rendered":"LeBiAC 1 (2015-2018)"},"content":{"rendered":"\n<h2>Fachtagungen<\/h2>\n\n\n\n<figure class=\"wp-block-image\"><a href=\"http:\/\/www.lebiac.rwth-aachen.de\/wp-content\/uploads\/2018\/03\/Fachtagung.jpg\"><img loading=\"lazy\" width=\"750\" height=\"500\" src=\"http:\/\/www.lebiac.rwth-aachen.de\/wp-content\/uploads\/2018\/03\/Fachtagung.jpg\" alt=\"Aachen freut sich auf den 108. MNU-Bundeskongress\" class=\"wp-image-1295\" srcset=\"https:\/\/www.lebiac.rwth-aachen.de\/wp-content\/uploads\/2018\/03\/Fachtagung.jpg 750w, https:\/\/www.lebiac.rwth-aachen.de\/wp-content\/uploads\/2018\/03\/Fachtagung-150x100.jpg 150w, https:\/\/www.lebiac.rwth-aachen.de\/wp-content\/uploads\/2018\/03\/Fachtagung-300x200.jpg 300w, https:\/\/www.lebiac.rwth-aachen.de\/wp-content\/uploads\/2018\/03\/Fachtagung-360x240.jpg 360w\" sizes=\"(max-width: 750px) 100vw, 750px\" \/><\/a><\/figure>\n\n\n\n<p>In der St\u00e4rken-Schw\u00e4chen-Analyse der Lehrerbildung an der RWTH Aachen war die beschr\u00e4nkte \u00fcberregionale Sichtbarkeit der RWTH in der Lehrerbildung und Didaktik als Manko identifiziert worden. Um die Sichtbarkeit zu erh\u00f6hen, wurden im Rahmen dieser Ma\u00dfnahme bildungswissenschaftliche und fachdidaktische Arbeitsgruppen der RWTH bei der Einwerbung und Durchf\u00fchrung von Fachtagungen angemessen unterst\u00fctzt. So fand im Herbst 2015 die &#8222;XXI. Zweijahrestagung der Konferenz f\u00fcr Geschichtsdidaktik: Geschichte im interdisziplin\u00e4ren Diskurs. Grenzziehungen &#8211; Grenz\u00fcberschreitungen &#8211; Grenzverschiebungen&#8220; in Aachen statt, die unter der Federf\u00fchrung des Lehr- und Forschungsgebiets &#8222;Didaktik der Gesellschaftswissenschaften&#8220; vom 23.9. &#8211; 25.9.2015 ausgerichtet wurde.<\/p>\n\n\n\n<p>Dank der Vermittlung des Zentrums MINT-L4@RWTH war die RWTH im Fr\u00fchjahr 2017 Gastgeber des Bundeskongresses des Verbandes zur F\u00f6rderung der MINT-Unterrichts (MNU). Mehr als 1200 Lehrkr\u00e4fte und Bildungsakteure waren zu Gast auf dem Kongress, der damit ma\u00dfgeblich zur Sichtbarkeit und weiteren Vernetzung&nbsp;der Lehramtsbildung an der RWTH beigetragen hat. Im Rahmen der Ma\u00dfnahme III.3 von LeBiAC wurde die&nbsp;Organisation dieses Kongresses und weiterer Fachtagungen unterst\u00fctzt.<\/p>\n\n\n\n<p>Lehrerinnen und Lehrer aller MINT-Unterrichtsf\u00e4cher konnten sich vom 6. bis zum 10. April 2017 in 169 Vortr\u00e4gen und Workshops weiterbilden. Vier der acht Hauptvortragenden kamen aus den Reihen der RWTH, ein erstes deutliches Zeichen f\u00fcr das erfolgreiche Auftreten der Lehramtsausbildung innerhalb der RWTH und nach au\u00dfen.<\/p>\n\n\n\n<p>Der Ortsausschuss, der den Kongress vorbereitet hat, bestand aus Vertretern des&nbsp;MINT-L4@RWTH und der regionalen ZfsL sowie Aachenern Lehrkr\u00e4ften. Diese Zusammenarbeit lokaler Bildungsakteure hat auch auf nationaler Ebene zu neuen Kooperationen gef\u00fchrt.&nbsp;So wurde&nbsp;das Kongressthema &#8222;Nachhaltigkeit&#8220; durch eine Ausstellung des Mathematikums Gie\u00dfen zum virtuellen Wasser auch einem breiten Publikum zug\u00e4nglich gemacht. Ein weiteres Highlight f\u00fcr die \u00d6ffentlichkeit war sicherlich die Wissenschaftsshow der Physikanten.<\/p>\n\n\n\n<p>Die&nbsp;Presseschau zum Kongress war sehr erfolgreich, die positive mediale&nbsp;Berichterstattung hat national und lokal vielf\u00e4ltig zahlreiche Themen und&nbsp;Inhalte des Kongresses aufgegriffen.<\/p>\n\n\n\n<p>Weitere&nbsp;Informationen zum Kongress selbst entnehmen Sie bitte der Kongresshomepage: <a class=\"extern\" href=\"http:\/\/www.bundeskongress-2017.mnu.de\">www.bundeskongress-2017.mnu.de<\/a>.<\/p>\n\n\n\n<figure class=\"wp-block-image\"><a href=\"http:\/\/www.bundeskongress-2017.mnu.de\"><img loading=\"lazy\" width=\"143\" height=\"88\" src=\"http:\/\/www.lebiac.rwth-aachen.de\/wp-content\/uploads\/2016\/12\/G11.png\" alt=\"\" class=\"wp-image-142\"\/><\/a><\/figure>\n\n\n\n<p><br><a class=\"extern\" href=\"http:\/\/bundeskongress-2017.mnu.de\/images\/Downloads\/Flyer_A4_16-10-29.pdf\" rel=\"noopener noreferrer\">Download Flyer (pdf)<\/a><\/p>\n\n\n\n<h2>Kontakt<\/h2>\n\n\n\n<p><strong>Teilprojektmitarbeiter: <\/strong><br>Herr <a href=\"http:\/\/www.mathematik.rwth-aachen.de\/cms\/Mathematik\/Die-Fachgruppe\/Institute-Lehrstuehle\/Personen\/~bkbg\/Mitarbeiter-CAMPUS-\/?gguid=0xD6D5984D34B6564EBBD09819AF86101E&amp;allou=1\">Stefan Pohlkamp<\/a> <br>Tel.: +49 241 80 97199 <br>Mail: stefan.pohlkamp[at]matha.rwth-aachen.de<br><br>Herr <a href=\"https:\/\/www.lbz.rwth-aachen.de\/aw\/cms\/website\/zielgruppen\/ArbeitsgruppenLBZ\/FachdidaktikForum\/Nachwuchsforum\/Mitglieder-des-Nachwuchsforums\/~tyw\/Titz-Marvin\/?lang=de\">Marvin Titz\u00a0<\/a> <br>Tel.: +49 241 80 97071 <br>Mail: marvin.titz[at]matha.rwth-aachen.de<\/p>\n","protected":false},"excerpt":{"rendered":"<p>Fachtagungen In der St\u00e4rken-Schw\u00e4chen-Analyse der Lehrerbildung an der RWTH Aachen war die beschr\u00e4nkte \u00fcberregionale Sichtbarkeit der RWTH in der Lehrerbildung und Didaktik als Manko identifiziert worden. Um die Sichtbarkeit zu <a class=\"more-link\" href=\"https:\/\/www.lebiac.rwth-aachen.de\/?page_id=255\">Continue Reading \u2192<\/a><\/p>\n","protected":false},"author":2,"featured_media":0,"parent":251,"menu_order":1,"comment_status":"closed","ping_status":"closed","template":"","meta":[],"_links":{"self":[{"href":"https:\/\/www.lebiac.rwth-aachen.de\/index.php?rest_route=\/wp\/v2\/pages\/255"}],"collection":[{"href":"https:\/\/www.lebiac.rwth-aachen.de\/index.php?rest_route=\/wp\/v2\/pages"}],"about":[{"href":"https:\/\/www.lebiac.rwth-aachen.de\/index.php?rest_route=\/wp\/v2\/types\/page"}],"author":[{"embeddable":true,"href":"https:\/\/www.lebiac.rwth-aachen.de\/index.php?rest_route=\/wp\/v2\/users\/2"}],"replies":[{"embeddable":true,"href":"https:\/\/www.lebiac.rwth-aachen.de\/index.php?rest_route=%2Fwp%2Fv2%2Fcomments&post=255"}],"version-history":[{"count":29,"href":"https:\/\/www.lebiac.rwth-aachen.de\/index.php?rest_route=\/wp\/v2\/pages\/255\/revisions"}],"predecessor-version":[{"id":1965,"href":"https:\/\/www.lebiac.rwth-aachen.de\/index.php?rest_route=\/wp\/v2\/pages\/255\/revisions\/1965"}],"up":[{"embeddable":true,"href":"https:\/\/www.lebiac.rwth-aachen.de\/index.php?rest_route=\/wp\/v2\/pages\/251"}],"wp:attachment":[{"href":"https:\/\/www.lebiac.rwth-aachen.de\/index.php?rest_route=%2Fwp%2Fv2%2Fmedia&parent=255"}],"curies":[{"name":"wp","href":"https:\/\/api.w.org\/{rel}","templated":true}]}}