{"id":639,"date":"2017-03-23T14:15:07","date_gmt":"2017-03-23T13:15:07","guid":{"rendered":"http:\/\/www.lebiac.rwth-aachen.de\/?page_id=639"},"modified":"2019-04-25T14:02:57","modified_gmt":"2019-04-25T12:02:57","slug":"impressum","status":"publish","type":"page","link":"https:\/\/www.lebiac.rwth-aachen.de\/?page_id=639","title":{"rendered":"Impressum"},"content":{"rendered":"<div class=\"col-md-10 gss-main-content\">\n<div class=\"row\">\n<div class=\"col-md-12\">\n<h1>Impressum<\/h1>\n<h2>Herausgeberin<\/h2>\n<p>Herausgegeben im Auftrag des Rektors der Rheinisch-Westf\u00e4lischen Technischen Hochschule (RWTH) Aachen.<\/p>\n<p>RWTH Aachen<br \/>\nTemplergraben 55<br \/>\n52056 Aachen<\/p>\n<p>Internet: <a href=\"http:\/\/www.rwth-aachen.de\">www.rwth-aachen.de<\/a><\/p>\n<p>Die RWTH Aachen ist eine K\u00f6rperschaft des \u00f6ffentlichen Rechts. Sie wird durch den Rektor, Univ.-Prof. Dr. rer. nat. Dr. h. c. mult. Ulrich R\u00fcdiger, vertreten.<\/p>\n<h2>Zust\u00e4ndige Aufsichtsbeh\u00f6rde<\/h2>\n<p>Ministerium f\u00fcr Innovation, Wissenschaft, Forschung und Technologie des Landes Nordrhein-Westfalen, V\u00f6lklinger Stra\u00dfe 49, 40221 D\u00fcsseldorf.<\/p>\n<h2>Umsatzsteuer-Identifikationsnummer<\/h2>\n<p>Gem\u00e4\u00df \u00a727a Umsatzsteuergesetz: DE 121689807<\/p>\n<h2>Inhaltliche Verantwortlichkeit<\/h2>\n<p>Die Inhalte auf lebiac.rwth-aachen.de werden vom Webmaster der Seite gestaltet, eingestellt und aktualisiert:<\/p>\n<p>Alexandra Kwiecien<br \/>\nLehrstuhl A f\u00fcr Mathematik<br \/>\nTel.: +49 241 80 94616<br \/>\nEmail: &#x6c;&#101;&#x62;&#x69;a&#x63;&#64;m&#x61;&#116;h&#x61;&#46;&#x72;&#x77;t&#x68;&#45;a&#x61;&#99;h&#x65;&#110;&#x2e;&#x64;&#101;<\/p>\n<p>Details zu Fragen der Haftung sind in der <a href=\"http:\/\/www.lebiac.rwth-aachen.de\/?page_id=671\">Datenschutzerkl\u00e4rung<\/a> nachzulesen.<\/p>\n<\/div>\n<\/div>\n<\/div>\n","protected":false},"excerpt":{"rendered":"<p>Impressum Herausgeberin Herausgegeben im Auftrag des Rektors der Rheinisch-Westf\u00e4lischen Technischen Hochschule (RWTH) Aachen. RWTH Aachen Templergraben 55 52056 Aachen Internet: www.rwth-aachen.de Die RWTH Aachen ist eine K\u00f6rperschaft des \u00f6ffentlichen Rechts. <a class=\"more-link\" href=\"https:\/\/www.lebiac.rwth-aachen.de\/?page_id=639\">Continue Reading \u2192<\/a><\/p>\n","protected":false},"author":2,"featured_media":0,"parent":0,"menu_order":0,"comment_status":"closed","ping_status":"closed","template":"","meta":[],"_links":{"self":[{"href":"https:\/\/www.lebiac.rwth-aachen.de\/index.php?rest_route=\/wp\/v2\/pages\/639"}],"collection":[{"href":"https:\/\/www.lebiac.rwth-aachen.de\/index.php?rest_route=\/wp\/v2\/pages"}],"about":[{"href":"https:\/\/www.lebiac.rwth-aachen.de\/index.php?rest_route=\/wp\/v2\/types\/page"}],"author":[{"embeddable":true,"href":"https:\/\/www.lebiac.rwth-aachen.de\/index.php?rest_route=\/wp\/v2\/users\/2"}],"replies":[{"embeddable":true,"href":"https:\/\/www.lebiac.rwth-aachen.de\/index.php?rest_route=%2Fwp%2Fv2%2Fcomments&post=639"}],"version-history":[{"count":8,"href":"https:\/\/www.lebiac.rwth-aachen.de\/index.php?rest_route=\/wp\/v2\/pages\/639\/revisions"}],"predecessor-version":[{"id":1438,"href":"https:\/\/www.lebiac.rwth-aachen.de\/index.php?rest_route=\/wp\/v2\/pages\/639\/revisions\/1438"}],"wp:attachment":[{"href":"https:\/\/www.lebiac.rwth-aachen.de\/index.php?rest_route=%2Fwp%2Fv2%2Fmedia&parent=639"}],"curies":[{"name":"wp","href":"https:\/\/api.w.org\/{rel}","templated":true}]}}