{"id":787,"date":"2017-08-02T15:24:22","date_gmt":"2017-08-02T13:24:22","guid":{"rendered":"http:\/\/www.lebiac.rwth-aachen.de\/?page_id=787"},"modified":"2021-04-20T09:37:22","modified_gmt":"2021-04-20T07:37:22","slug":"ii-4-b-sprechen","status":"publish","type":"page","link":"https:\/\/www.lebiac.rwth-aachen.de\/?page_id=787","title":{"rendered":"Sprechen"},"content":{"rendered":"\n<p>Im Projekt Sprechen wird ein Schwerpunkt auf die stimmlichen Anforderungen gelegt, die der Lehrberuf mit sich bringt. So soll nach einem anf\u00e4nglichen computergest\u00fctzten Stimmscreening eine individuelle Optimierung der Stimm- und Sprechf\u00e4higkeit erfolgen. Dabei werden in bedarfsorientierten, praktischen Workshops in unterschiedlich gro\u00dfen Gruppen f\u00fcr Lehramtsstudierende aller Fachbereiche \u00dcbungen zur Stimmhygiene und\/oder Stimmprophylaxe (im Hinblick auf die enormen stimmlichen Anforderungen im Lehrberuf) sowie zur Artikulationsschulung und\/oder m\u00fcndlichen Pr\u00e4sentation (im Hinblick auf die Anforderungen beim Sprechen vor gro\u00dfen Gruppen\/einer Klasse) durchgef\u00fchrt.<\/p>\n<hr>\n<h2>Veranstaltungen<\/h2>\n<h4>Stimmscreening<\/h4>\n<p>Anfertigung eines Stimmprotokolls, welches Aufschluss \u00fcber die eigene Stimmqualit\u00e4t und Belastungsf\u00e4higkeit gibt. Mehr Informationen finden Sie <a class=\"intern\" href=\"http:\/\/www.lebiac.rwth-aachen.de\/?page_id=1124\">hier<\/a>.<\/p>\n<h4>Workshop \u201eAtem und Stimme \u2013 Basiskurs f\u00fcr Lehramtsstudierende\u201c<\/h4>\n<p>Grundlagen einer physiologischen Atem- und Sprechtechnik kennen lernen und in \u00dcbungen trainieren. Mehr Informationen finden Sie <a class=\"intern\" href=\"http:\/\/www.lebiac.rwth-aachen.de\/?page_id=1149\">hier<\/a>.<\/p>\n<h4>Workshop \u201eAtem und Stimme \u2013 Ein Aufbaukurs f\u00fcr Lehramtsstudierende\u201c<\/h4>\n<p>Fortf\u00fchrung des Basiskurses. \u00dcbungsschwerpunkt liegt auf der Belastbarkeit der Stimme sowie der Artikulation. Mehr Informationen finden Sie <a class=\"intern\" href=\"http:\/\/www.lebiac.rwth-aachen.de\/?page_id=1146\">hier<\/a>.<\/p>\n<h4>Stimmbelastungstest<\/h4>\n<p>Wenn Sie ein Stimmscreening bei uns durchgef\u00fchrt haben und nun Interesse an einem 16-min\u00fctigen Stimmbelastungstest haben, dann schreiben Sie uns einfach: <a class=\"mail\" href=\"ma&#105;&#108;&#116;&#x6f;&#x3a;&#x73;&#x74;&#x69;mm&#115;&#99;&#114;&#x65;&#x65;&#x6e;&#x69;&#x6e;g&#64;&#105;&#115;&#107;&#x2e;&#x72;&#x77;&#x74;&#x68;-a&#97;&#99;&#104;&#x65;&#x6e;&#x2e;&#x64;&#x65;\">sti&#109;&#109;&#115;&#99;&#x72;&#x65;&#x65;&#x6e;&#x69;&#x6e;&#x67;&#64;is&#107;&#46;&#114;&#119;&#116;&#x68;&#x2d;&#x61;&#x61;&#x63;&#x68;en&#46;d&#101;<\/a> Dieser Test kann aufgrund der geforderten Lautst\u00e4rke nur zu bestimmten Zeiten angeboten werden, die wir individuell vereinbaren.<\/p>\n<h4>Selbst-Check<\/h4>\n<p>Selbst-Check: Wie sch\u00e4tze ich meine Stimme ein? Klick Dich durch unter folgendem Link <a class=\"intern\" href=\"https:\/\/www.global-assess.rwth-aachen.de\/deutschtest\/frontend\/www\/index.php?r=uberTest\/view&amp;id=19\">hier<\/a><\/p>\n<p> Informationen zur Anmeldung f\u00fcr das Sommersemester 2021 finden Sie hier <a class=\"intern\" href=\"https:\/\/www.dsg.rwth-aachen.de\/go\/id\/ldpxs\">hier<\/a>.\n<\/p><hr>\n<h2>Pressemeldungen<\/h2>\n<p>Berichte zu dem Teilprojekt in der Tagespresse:<\/p>\n<ul>\n<li>Ein Teilbeitrag in der ARD-Sendung &#8222;W-wie Wissen&#8220; mit &#8222;<a class=\"extern\" href=\"https:\/\/www.daserste.de\/information\/wissen-kultur\/w-wie-wissen\/videos\/w-wie-wissen-video-292.html\">Die Macht der Stimme<\/a>&#8220; vom 4.05.2019. Das Video ist bis zum 4.5.2024 verf\u00fcgbar.<\/li>\n<li><a class=\"extern\" href=\"https:\/\/www1.wdr.de\/nachrichten\/rheinland\/stimmscreening-lehrer-100.html\">\u201eStimmscreening f\u00fcr angehende Lehrer in Aachen\u201c<\/a>, Beitrag vom 24.4.2018 in den WDR Lokalnachrichten und in der <a class=\"extern\" href=\"https:\/\/www1.wdr.de\/mediathek\/video\/sendungen\/lokalzeit-aachen\/video-stimmscreening-fuer-angehende-lehrer-in-aachen-100.html\">Mediathek<\/a> ist das Video bis zum 24.4.2019 abrufbar.<\/li>\n<li><a class=\"extern\" href=\"https:\/\/www.sat1nrw.de\/aktuell\/stimmtest-fuer-lehrer-181457\/\">\u201eStimmtest f\u00fcr Lehrer\u201c<\/a>, Beitrag vom 5.4.2018 in den Sat.1NRW Lokalnachrichten<\/li>\n<\/ul>\n<hr>\n\n\n\n<hr class=\"wp-block-separator\"\/>\n\n\n\n<h2>Kontakt<\/h2>\n\n\n\n<p><strong>Teilprojekt-Leitung:<\/strong><br>Herr <a href=\"http:\/\/www.isk.rwth-aachen.de\/Niehr\">Prof. Dr. phil. Thomas Niehr <\/a><br>Tel.:  +49 241 8096004 <br>Mail: t.niehr[at]isk.rwth-aachen.de <\/p>\n\n\n\n<p><strong>Teilprojektmitarbeiter:<\/strong><br>Herr <a href=\"http:\/\/www.isk.rwth-aachen.de\/bernd-christmann\">Bernd Christmann<\/a><br>Tel.:  +49 241 80 90597 <br>Mail: b.christmann[at]isk.rwth-aachen.de <\/p>\n\n\n\n<p><\/p>\n","protected":false},"excerpt":{"rendered":"<p>Im Projekt Sprechen wird ein Schwerpunkt auf die stimmlichen Anforderungen gelegt, die der Lehrberuf mit sich bringt. So soll nach einem anf\u00e4nglichen computergest\u00fctzten Stimmscreening eine individuelle Optimierung der Stimm- und <a class=\"more-link\" href=\"https:\/\/www.lebiac.rwth-aachen.de\/?page_id=787\">Continue Reading \u2192<\/a><\/p>\n","protected":false},"author":2,"featured_media":0,"parent":236,"menu_order":0,"comment_status":"closed","ping_status":"closed","template":"","meta":[],"_links":{"self":[{"href":"https:\/\/www.lebiac.rwth-aachen.de\/index.php?rest_route=\/wp\/v2\/pages\/787"}],"collection":[{"href":"https:\/\/www.lebiac.rwth-aachen.de\/index.php?rest_route=\/wp\/v2\/pages"}],"about":[{"href":"https:\/\/www.lebiac.rwth-aachen.de\/index.php?rest_route=\/wp\/v2\/types\/page"}],"author":[{"embeddable":true,"href":"https:\/\/www.lebiac.rwth-aachen.de\/index.php?rest_route=\/wp\/v2\/users\/2"}],"replies":[{"embeddable":true,"href":"https:\/\/www.lebiac.rwth-aachen.de\/index.php?rest_route=%2Fwp%2Fv2%2Fcomments&post=787"}],"version-history":[{"count":36,"href":"https:\/\/www.lebiac.rwth-aachen.de\/index.php?rest_route=\/wp\/v2\/pages\/787\/revisions"}],"predecessor-version":[{"id":2127,"href":"https:\/\/www.lebiac.rwth-aachen.de\/index.php?rest_route=\/wp\/v2\/pages\/787\/revisions\/2127"}],"up":[{"embeddable":true,"href":"https:\/\/www.lebiac.rwth-aachen.de\/index.php?rest_route=\/wp\/v2\/pages\/236"}],"wp:attachment":[{"href":"https:\/\/www.lebiac.rwth-aachen.de\/index.php?rest_route=%2Fwp%2Fv2%2Fmedia&parent=787"}],"curies":[{"name":"wp","href":"https:\/\/api.w.org\/{rel}","templated":true}]}}